{"id":1619,"date":"2021-04-12T13:35:24","date_gmt":"2021-04-12T13:35:24","guid":{"rendered":"http:\/\/www.enars.com.tr\/?page_id=1619"},"modified":"2025-03-21T11:53:40","modified_gmt":"2025-03-21T11:53:40","slug":"temiz-su-aritma-su-tasviye","status":"publish","type":"page","link":"https:\/\/www.enars.com.tr\/?page_id=1619","title":{"rendered":"Temiz Su Ar\u0131tma (Su Tasviye)"},"content":{"rendered":"\n<figure class=\"wp-block-image size-large\"><img loading=\"lazy\" width=\"1024\" height=\"680\" src=\"https:\/\/www.enars.com.tr\/wp-content\/uploads\/2025\/03\/temizsu-1024x680.jpg\" alt=\"\" class=\"wp-image-2022\" srcset=\"https:\/\/www.enars.com.tr\/wp-content\/uploads\/2025\/03\/temizsu-1024x680.jpg 1024w, https:\/\/www.enars.com.tr\/wp-content\/uploads\/2025\/03\/temizsu-300x199.jpg 300w, https:\/\/www.enars.com.tr\/wp-content\/uploads\/2025\/03\/temizsu-768x510.jpg 768w, https:\/\/www.enars.com.tr\/wp-content\/uploads\/2025\/03\/temizsu-1536x1020.jpg 1536w, https:\/\/www.enars.com.tr\/wp-content\/uploads\/2025\/03\/temizsu-2048x1360.jpg 2048w, https:\/\/www.enars.com.tr\/wp-content\/uploads\/2025\/03\/temizsu-600x399.jpg 600w, https:\/\/www.enars.com.tr\/wp-content\/uploads\/2025\/03\/temizsu-scaled-1204x800.jpg 1204w, https:\/\/www.enars.com.tr\/wp-content\/uploads\/2025\/03\/temizsu-scaled-602x400.jpg 602w\" sizes=\"(max-width: 1024px) 100vw, 1024px\" \/><\/figure>\n\n\n\n<p>Temiz su ar\u0131t\u0131m\u0131 veya su tasviye, do\u011fal su kaynaklar\u0131ndan (g\u00f6ller, nehirler, barajlar, yeralt\u0131 sular\u0131) elde edilen suyun, i\u00e7me suyu kalitesine ula\u015fmas\u0131 i\u00e7in yap\u0131lan bir dizi i\u015flem ve tekniktir. Bu s\u00fcre\u00e7, suyun i\u00e7inde bulunan kirleticilerin, mikroorganizmalar\u0131n, kimyasal maddelerin ve partik\u00fcllerin uzakla\u015ft\u0131r\u0131lmas\u0131n\u0131 sa\u011flar. Temiz su ar\u0131t\u0131m\u0131, suyun insan sa\u011fl\u0131\u011f\u0131na uygun hale gelmesini sa\u011flamak, \u00e7evreyi korumak ve su kaynaklar\u0131n\u0131 verimli bir \u015fekilde kullanmak amac\u0131yla \u00f6nemlidir.<\/p>\n\n\n\n<h4><strong>Temiz Su Ar\u0131t\u0131m\u0131n\u0131n Avantajlar\u0131:<\/strong><\/h4>\n\n\n\n<ul><li><strong>Sa\u011fl\u0131k:<\/strong> Temiz su, insan sa\u011fl\u0131\u011f\u0131 a\u00e7\u0131s\u0131ndan kritik \u00f6neme sahiptir. Ar\u0131tma i\u015flemleri sayesinde su, zararl\u0131 mikroorganizmalar ve kimyasal maddelerden ar\u0131nd\u0131r\u0131l\u0131r, b\u00f6ylece hastal\u0131klar\u0131n \u00f6n\u00fcne ge\u00e7ilir.<\/li><li><strong>\u00c7evre Koruma:<\/strong> Kirli suyun do\u011faya sal\u0131nmas\u0131, \u00e7evreye zarar verir. Ar\u0131t\u0131lm\u0131\u015f suyun g\u00fcvenli bir \u015fekilde kullan\u0131lmas\u0131, \u00e7evreye olan zarar\u0131 minimuma indirir.<\/li><li><strong>Su Tasarrufu:<\/strong> Su ar\u0131tma teknolojileri, mevcut su kaynaklar\u0131n\u0131n verimli bir \u015fekilde kullan\u0131lmas\u0131na olanak tan\u0131r. B\u00f6ylece su tasarrufu sa\u011flan\u0131r.<\/li><li><strong>S\u00fcrd\u00fcr\u00fclebilirlik:<\/strong> Temiz su ar\u0131t\u0131m\u0131, s\u00fcrd\u00fcr\u00fclebilir su y\u00f6netimi ve kaynaklar\u0131n verimli kullan\u0131lmas\u0131 i\u00e7in gereklidir. Bu s\u00fcre\u00e7, suyun yeniden kullan\u0131m\u0131n\u0131 ve daha uzun s\u00fcreli kullan\u0131m\u0131n\u0131 sa\u011flar.<\/li><\/ul>\n\n\n\n<h4><strong>Temiz Su Ar\u0131t\u0131m\u0131n\u0131n Kullan\u0131m Alanlar\u0131:<\/strong><\/h4>\n\n\n\n<ul><li><strong>\u0130\u00e7me Suyu Temini:<\/strong> Temiz su ar\u0131t\u0131m\u0131, \u00f6zellikle i\u00e7me suyu sa\u011flamak i\u00e7in kullan\u0131l\u0131r. Ar\u0131tma s\u00fcre\u00e7leri, suyun insan sa\u011fl\u0131\u011f\u0131na uygun hale gelmesini sa\u011flar.<\/li><li><strong>Sanayi Kullan\u0131m\u0131:<\/strong> Temiz su, sanayi tesislerinde so\u011futma, \u00fcretim ve di\u011fer s\u00fcre\u00e7ler i\u00e7in kullan\u0131l\u0131r. Bu s\u00fcre\u00e7lerde kullan\u0131lan suyun ar\u0131t\u0131lmas\u0131, end\u00fcstriyel verimlili\u011fi art\u0131r\u0131r.<\/li><li><strong>Tar\u0131m ve Sulama:<\/strong> Ar\u0131t\u0131lm\u0131\u015f su, tar\u0131mda sulama amac\u0131yla kullan\u0131labilir. Bu, suyun verimli bir \u015fekilde kullan\u0131lmas\u0131n\u0131 sa\u011flar, \u00f6zellikle su s\u0131k\u0131nt\u0131s\u0131 \u00e7eken b\u00f6lgelerde.<\/li><li><strong>Kentsel Kullan\u0131m:<\/strong> \u015eehirlerde, temiz su ar\u0131t\u0131m\u0131, halk\u0131n i\u00e7me suyu ihtiyac\u0131n\u0131 kar\u015f\u0131lamak, parklar ve ye\u015fil alanlar\u0131 sulamak i\u00e7in kullan\u0131labilir.<\/li><\/ul>\n","protected":false},"excerpt":{"rendered":"<p>Temiz su ar\u0131t\u0131m\u0131 veya su tasviye, do\u011fal su kaynaklar\u0131ndan (g\u00f6ller, nehirler, barajlar, yeralt\u0131 sular\u0131) elde edilen suyun, i\u00e7me suyu kalitesine ula\u015fmas\u0131 i\u00e7in yap\u0131lan bir dizi i\u015flem ve tekniktir. Bu s\u00fcre\u00e7, suyun i\u00e7inde bulunan kirleticilerin, mikroorganizmalar\u0131n, kimyasal maddelerin ve partik\u00fcllerin uzakla\u015ft\u0131r\u0131lmas\u0131n\u0131 &hellip; <a href=\"https:\/\/www.enars.com.tr\/?page_id=1619\">Devam\u0131<\/a><\/p>\n","protected":false},"author":1,"featured_media":0,"parent":0,"menu_order":0,"comment_status":"closed","ping_status":"closed","template":"","meta":{"kt_blocks_editor_width":""},"_links":{"self":[{"href":"https:\/\/www.enars.com.tr\/index.php?rest_route=\/wp\/v2\/pages\/1619"}],"collection":[{"href":"https:\/\/www.enars.com.tr\/index.php?rest_route=\/wp\/v2\/pages"}],"about":[{"href":"https:\/\/www.enars.com.tr\/index.php?rest_route=\/wp\/v2\/types\/page"}],"author":[{"embeddable":true,"href":"https:\/\/www.enars.com.tr\/index.php?rest_route=\/wp\/v2\/users\/1"}],"replies":[{"embeddable":true,"href":"https:\/\/www.enars.com.tr\/index.php?rest_route=%2Fwp%2Fv2%2Fcomments&post=1619"}],"version-history":[{"count":3,"href":"https:\/\/www.enars.com.tr\/index.php?rest_route=\/wp\/v2\/pages\/1619\/revisions"}],"predecessor-version":[{"id":2027,"href":"https:\/\/www.enars.com.tr\/index.php?rest_route=\/wp\/v2\/pages\/1619\/revisions\/2027"}],"wp:attachment":[{"href":"https:\/\/www.enars.com.tr\/index.php?rest_route=%2Fwp%2Fv2%2Fmedia&parent=1619"}],"curies":[{"name":"wp","href":"https:\/\/api.w.org\/{rel}","templated":true}]}}