{"id":1596,"date":"2021-04-12T13:32:43","date_gmt":"2021-04-12T13:32:43","guid":{"rendered":"http:\/\/www.enars.com.tr\/?page_id=1596"},"modified":"2025-04-16T11:53:50","modified_gmt":"2025-04-16T11:53:50","slug":"biyogaz-aritma","status":"publish","type":"page","link":"https:\/\/www.enars.com.tr\/?page_id=1596","title":{"rendered":"Biyogaz Ar\u0131tma"},"content":{"rendered":"\n<figure class=\"wp-block-image size-large is-resized\"><img loading=\"lazy\" src=\"https:\/\/www.enars.com.tr\/wp-content\/uploads\/2025\/04\/BIYOGAZ-1024x683.jpg\" alt=\"\" class=\"wp-image-2141\" width=\"724\" height=\"483\" srcset=\"https:\/\/www.enars.com.tr\/wp-content\/uploads\/2025\/04\/BIYOGAZ-1024x683.jpg 1024w, https:\/\/www.enars.com.tr\/wp-content\/uploads\/2025\/04\/BIYOGAZ-300x200.jpg 300w, https:\/\/www.enars.com.tr\/wp-content\/uploads\/2025\/04\/BIYOGAZ-768x512.jpg 768w, https:\/\/www.enars.com.tr\/wp-content\/uploads\/2025\/04\/BIYOGAZ-1536x1024.jpg 1536w, https:\/\/www.enars.com.tr\/wp-content\/uploads\/2025\/04\/BIYOGAZ-2048x1365.jpg 2048w, https:\/\/www.enars.com.tr\/wp-content\/uploads\/2025\/04\/BIYOGAZ-600x400.jpg 600w\" sizes=\"(max-width: 724px) 100vw, 724px\" \/><\/figure>\n\n\n\n<p>&nbsp;&nbsp;&nbsp;&nbsp;&nbsp;&nbsp;&nbsp;&nbsp;&nbsp;&nbsp;&nbsp; Biyogaz ar\u0131tma, organik at\u0131klar\u0131n anaerobik ar\u0131tma s\u00fcreciyle metan gaz\u0131na d\u00f6n\u00fc\u015ft\u00fcr\u00fclmesi sonucu olu\u015fan biyogaz\u0131n, \u00e7e\u015fitli kirleticilerden ar\u0131nd\u0131r\u0131lmas\u0131 i\u015flemidir. Biyogaz, \u00f6zellikle metan (CH\u2084) ve karbondioksit (CO\u2082) gibi bile\u015fenlerden olu\u015fur, ancak bu gazlar\u0131n do\u011frudan kullan\u0131m i\u00e7in temizlenmesi gerekebilir. Biyogaz ar\u0131tma, biyogaz\u0131n kalitesini art\u0131rmak ve onu enerji \u00fcretimi i\u00e7in daha verimli hale getirmek amac\u0131yla yap\u0131l\u0131r.<\/p>\n\n\n\n<h4 class=\"has-virtue-primary-light-color has-text-color\"><strong>Biyogaz Ar\u0131tman\u0131n Avantajlar\u0131:<\/strong><\/h4>\n\n\n\n<ul><li><strong>Y\u00fcksek Enerji Verimlili\u011fi:<\/strong> Ar\u0131t\u0131lm\u0131\u015f biyogaz, enerji \u00fcretiminde daha verimli kullan\u0131labilir, \u00e7\u00fcnk\u00fc metan oran\u0131 artt\u0131r\u0131l\u0131r.<\/li><li><strong>\u00c7evre Dostu:<\/strong> Biyogaz ar\u0131tma, at\u0131klar\u0131n geri d\u00f6n\u00fc\u015f\u00fcm\u00fcn\u00fc sa\u011flar ve fosil yak\u0131tlara olan ba\u011f\u0131ml\u0131l\u0131\u011f\u0131 azalt\u0131r.<\/li><li><strong>S\u00fcrekli Enerji Kayna\u011f\u0131:<\/strong> Biyogaz, yenilenebilir bir enerji kayna\u011f\u0131d\u0131r ve organik at\u0131klardan elde edilen enerji, s\u00fcrd\u00fcr\u00fclebilir bir \u00e7\u00f6z\u00fcm sunar.<\/li><li><strong>D\u00fc\u015f\u00fck Karbon Ayak \u0130zi:<\/strong> Biyogaz kullan\u0131m\u0131, karbon sal\u0131n\u0131m\u0131n\u0131 azaltarak \u00e7evreye duyarl\u0131 bir enerji kayna\u011f\u0131 olu\u015fturur.<\/li><\/ul>\n\n\n\n<h4 class=\"has-virtue-primary-light-color has-text-color\"><strong>Kullan\u0131m Alanlar\u0131:<\/strong><\/h4>\n\n\n\n<p>&nbsp;&nbsp;&nbsp;&nbsp;&nbsp;&nbsp;&nbsp;&nbsp;&nbsp;&nbsp;&nbsp; Biyogaz ar\u0131tma, \u00f6zellikle enerji \u00fcretimi i\u00e7in kullan\u0131lan biyogaz\u0131n kalitesini artt\u0131rmak amac\u0131yla uygulan\u0131r. Bu ar\u0131tma s\u00fcreci, <strong>biyogaz santralleri<\/strong>, <strong>g\u0131da i\u015fleme tesisleri<\/strong>, <strong>hayvanc\u0131l\u0131k<\/strong> ve <strong>tar\u0131m at\u0131klar\u0131ndan enerji \u00fcretimi<\/strong> gibi bir\u00e7ok alanda \u00f6nemli rol oynar.<\/p>\n","protected":false},"excerpt":{"rendered":"<p>&nbsp;&nbsp;&nbsp;&nbsp;&nbsp;&nbsp;&nbsp;&nbsp;&nbsp;&nbsp;&nbsp; Biyogaz ar\u0131tma, organik at\u0131klar\u0131n anaerobik ar\u0131tma s\u00fcreciyle metan gaz\u0131na d\u00f6n\u00fc\u015ft\u00fcr\u00fclmesi sonucu olu\u015fan biyogaz\u0131n, \u00e7e\u015fitli kirleticilerden ar\u0131nd\u0131r\u0131lmas\u0131 i\u015flemidir. Biyogaz, \u00f6zellikle metan (CH\u2084) ve karbondioksit (CO\u2082) gibi bile\u015fenlerden olu\u015fur, ancak bu gazlar\u0131n do\u011frudan kullan\u0131m i\u00e7in temizlenmesi gerekebilir. Biyogaz ar\u0131tma, biyogaz\u0131n kalitesini &hellip; <a href=\"https:\/\/www.enars.com.tr\/?page_id=1596\">Devam\u0131<\/a><\/p>\n","protected":false},"author":1,"featured_media":0,"parent":0,"menu_order":0,"comment_status":"closed","ping_status":"closed","template":"","meta":{"kt_blocks_editor_width":""},"_links":{"self":[{"href":"https:\/\/www.enars.com.tr\/index.php?rest_route=\/wp\/v2\/pages\/1596"}],"collection":[{"href":"https:\/\/www.enars.com.tr\/index.php?rest_route=\/wp\/v2\/pages"}],"about":[{"href":"https:\/\/www.enars.com.tr\/index.php?rest_route=\/wp\/v2\/types\/page"}],"author":[{"embeddable":true,"href":"https:\/\/www.enars.com.tr\/index.php?rest_route=\/wp\/v2\/users\/1"}],"replies":[{"embeddable":true,"href":"https:\/\/www.enars.com.tr\/index.php?rest_route=%2Fwp%2Fv2%2Fcomments&post=1596"}],"version-history":[{"count":5,"href":"https:\/\/www.enars.com.tr\/index.php?rest_route=\/wp\/v2\/pages\/1596\/revisions"}],"predecessor-version":[{"id":2143,"href":"https:\/\/www.enars.com.tr\/index.php?rest_route=\/wp\/v2\/pages\/1596\/revisions\/2143"}],"wp:attachment":[{"href":"https:\/\/www.enars.com.tr\/index.php?rest_route=%2Fwp%2Fv2%2Fmedia&parent=1596"}],"curies":[{"name":"wp","href":"https:\/\/api.w.org\/{rel}","templated":true}]}}