{"id":1594,"date":"2021-04-12T13:32:43","date_gmt":"2021-04-12T13:32:43","guid":{"rendered":"http:\/\/www.enars.com.tr\/?page_id=1594"},"modified":"2025-03-21T11:55:36","modified_gmt":"2025-03-21T11:55:36","slug":"biyolojik-aritma","status":"publish","type":"page","link":"https:\/\/www.enars.com.tr\/?page_id=1594","title":{"rendered":"Biyolojik Ar\u0131tma"},"content":{"rendered":"\n<p><\/p>\n\n\n\n<p>Biyolojik ar\u0131tma, at\u0131ksu i\u00e7indeki organik kirleticilerin, mikroorganizmalar arac\u0131l\u0131\u011f\u0131yla do\u011fal yolla temizlendi\u011fi bir s\u00fcre\u00e7tir. Bu y\u00f6ntem, suyun kimyasal bile\u015fenlerini de\u011fi\u015ftirmeden, do\u011fal ekosistemleri taklit ederek kirleticileri yok eder. Biyolojik ar\u0131tma, \u00f6zellikle organik maddeler bak\u0131m\u0131ndan zengin olan at\u0131ksu i\u00e7in etkili bir \u00e7\u00f6z\u00fcmd\u00fcr ve \u00e7evre dostu bir se\u00e7enek sunar.<\/p>\n\n\n\n<h4><strong>Biyolojik Ar\u0131tman\u0131n Temel Prensibi:<\/strong><\/h4>\n\n\n\n<figure class=\"wp-block-image size-large\"><img loading=\"lazy\" width=\"1024\" height=\"461\" src=\"https:\/\/www.enars.com.tr\/wp-content\/uploads\/2025\/03\/biolojikaritma-1024x461.jpg\" alt=\"\" class=\"wp-image-2009\" srcset=\"https:\/\/www.enars.com.tr\/wp-content\/uploads\/2025\/03\/biolojikaritma-1024x461.jpg 1024w, https:\/\/www.enars.com.tr\/wp-content\/uploads\/2025\/03\/biolojikaritma-300x135.jpg 300w, https:\/\/www.enars.com.tr\/wp-content\/uploads\/2025\/03\/biolojikaritma-768x346.jpg 768w, https:\/\/www.enars.com.tr\/wp-content\/uploads\/2025\/03\/biolojikaritma-1536x691.jpg 1536w, https:\/\/www.enars.com.tr\/wp-content\/uploads\/2025\/03\/biolojikaritma-2048x922.jpg 2048w, https:\/\/www.enars.com.tr\/wp-content\/uploads\/2025\/03\/biolojikaritma-600x270.jpg 600w, https:\/\/www.enars.com.tr\/wp-content\/uploads\/2025\/03\/biolojikaritma-scaled-1778x800.jpg 1778w, https:\/\/www.enars.com.tr\/wp-content\/uploads\/2025\/03\/biolojikaritma-scaled-889x400.jpg 889w\" sizes=\"(max-width: 1024px) 100vw, 1024px\" \/><\/figure>\n\n\n\n<p>Biyolojik ar\u0131tma, suyu temizlemek i\u00e7in mikroorganizmalar\u0131n (bakteriler, mantarlar, algler ve di\u011fer mikroplar) do\u011fal metabolizma s\u00fcre\u00e7lerinden yararlan\u0131r. Bu mikroorganizmalar, at\u0131ksuyun i\u00e7erisindeki organik maddeleri besin olarak kullanarak, onlar\u0131 daha basit ve zarars\u0131z bile\u015fenlere d\u00f6n\u00fc\u015ft\u00fcr\u00fcr. Bu s\u00fcre\u00e7, at\u0131ksuyun do\u011faya g\u00fcvenle de\u015farj edilebilecek temizli\u011fe ula\u015fmas\u0131n\u0131 sa\u011flar.<\/p>\n\n\n\n<h4><strong>Biyolojik Ar\u0131tman\u0131n Avantajlar\u0131:<\/strong><\/h4>\n\n\n\n<ul><li><strong>\u00c7evre Dostu:<\/strong> Kimyasal maddeler kullanmadan do\u011fa dostu bir \u00e7\u00f6z\u00fcm sunar. Mikroorganizmalar, do\u011fada zaten bulunan ve zarars\u0131z organizmalard\u0131r.<\/li><li><strong>Y\u00fcksek Verimlilik:<\/strong> Organik maddelerin b\u00fcy\u00fck k\u0131sm\u0131, mikroorganizmalar taraf\u0131ndan h\u0131zl\u0131ca par\u00e7alanarak suyun kalitesini y\u00fcksek oranda iyile\u015ftirir.<\/li><li><strong>D\u00fc\u015f\u00fck Enerji T\u00fcketimi:<\/strong> Di\u011fer ar\u0131tma y\u00f6ntemlerine g\u00f6re biyolojik ar\u0131tma, genellikle daha d\u00fc\u015f\u00fck enerji t\u00fcketimi gerektirir.<\/li><li><strong>Ekonomik:<\/strong> B\u00fcy\u00fck \u00f6l\u00e7ekli ar\u0131tma tesislerinde d\u00fc\u015f\u00fck i\u015fletme maliyetleri sunar.<\/li><\/ul>\n","protected":false},"excerpt":{"rendered":"<p>Biyolojik ar\u0131tma, at\u0131ksu i\u00e7indeki organik kirleticilerin, mikroorganizmalar arac\u0131l\u0131\u011f\u0131yla do\u011fal yolla temizlendi\u011fi bir s\u00fcre\u00e7tir. Bu y\u00f6ntem, suyun kimyasal bile\u015fenlerini de\u011fi\u015ftirmeden, do\u011fal ekosistemleri taklit ederek kirleticileri yok eder. Biyolojik ar\u0131tma, \u00f6zellikle organik maddeler bak\u0131m\u0131ndan zengin olan at\u0131ksu i\u00e7in etkili bir \u00e7\u00f6z\u00fcmd\u00fcr ve &hellip; <a href=\"https:\/\/www.enars.com.tr\/?page_id=1594\">Devam\u0131<\/a><\/p>\n","protected":false},"author":1,"featured_media":0,"parent":0,"menu_order":0,"comment_status":"closed","ping_status":"closed","template":"","meta":{"kt_blocks_editor_width":""},"_links":{"self":[{"href":"https:\/\/www.enars.com.tr\/index.php?rest_route=\/wp\/v2\/pages\/1594"}],"collection":[{"href":"https:\/\/www.enars.com.tr\/index.php?rest_route=\/wp\/v2\/pages"}],"about":[{"href":"https:\/\/www.enars.com.tr\/index.php?rest_route=\/wp\/v2\/types\/page"}],"author":[{"embeddable":true,"href":"https:\/\/www.enars.com.tr\/index.php?rest_route=\/wp\/v2\/users\/1"}],"replies":[{"embeddable":true,"href":"https:\/\/www.enars.com.tr\/index.php?rest_route=%2Fwp%2Fv2%2Fcomments&post=1594"}],"version-history":[{"count":6,"href":"https:\/\/www.enars.com.tr\/index.php?rest_route=\/wp\/v2\/pages\/1594\/revisions"}],"predecessor-version":[{"id":2029,"href":"https:\/\/www.enars.com.tr\/index.php?rest_route=\/wp\/v2\/pages\/1594\/revisions\/2029"}],"wp:attachment":[{"href":"https:\/\/www.enars.com.tr\/index.php?rest_route=%2Fwp%2Fv2%2Fmedia&parent=1594"}],"curies":[{"name":"wp","href":"https:\/\/api.w.org\/{rel}","templated":true}]}}