{"id":1587,"date":"2021-04-12T13:32:43","date_gmt":"2021-04-12T13:32:43","guid":{"rendered":"http:\/\/www.enars.com.tr\/?page_id=1587"},"modified":"2025-04-09T09:35:03","modified_gmt":"2025-04-09T09:35:03","slug":"atik-su-aritma-2","status":"publish","type":"page","link":"https:\/\/www.enars.com.tr\/?page_id=1587","title":{"rendered":"At\u0131k Su Ar\u0131tma"},"content":{"rendered":"<nav class=\"wp-container-2 is-horizontal is-content-justification-space-between has-text-color has-virtue-primary-color has-background has-very-light-gray-background-color items-justified-space-between wp-block-navigation\" aria-label=\"1\"><ul class=\"wp-block-navigation__container\"><li class=\"has-text-color has-virtue-primary-color has-background has-very-light-gray-background-color wp-block-navigation-item has-child open-on-hover-click current-menu-item wp-block-navigation-submenu\"><a class=\"wp-block-navigation-item__content\" href=\"https:\/\/www.enars.com.tr\/?page_id=1587\" aria-current=\"page\">At\u0131k Su Ar\u0131tma<\/a><button aria-label=\"At\u0131k Su Ar\u0131tma alt men\u00fcs\u00fc\" class=\"wp-block-navigation__submenu-icon wp-block-navigation-submenu__toggle\" aria-expanded=\"false\"><svg xmlns=\"http:\/\/www.w3.org\/2000\/svg\" width=\"12\" height=\"12\" viewBox=\"0 0 12 12\" fill=\"none\" aria-hidden=\"true\" focusable=\"false\"><path d=\"M1.50002 4L6.00002 8L10.5 4\" stroke-width=\"1.5\"><\/path><\/svg><\/button><ul class=\"wp-block-navigation__submenu-container\"><li class=\"has-text-color has-virtue-primary-color has-background has-very-light-gray-background-color wp-block-navigation-item wp-block-navigation-link\"><a class=\"wp-block-navigation-item__content\"  href=\"https:\/\/www.enars.com.tr\/?page_id=1590\"><span class=\"wp-block-navigation-item__label\">End\u00fcstriyel At\u0131k Su<\/span><\/a><\/li><li class=\"has-text-color has-virtue-primary-color has-background has-very-light-gray-background-color wp-block-navigation-item wp-block-navigation-link\"><a class=\"wp-block-navigation-item__content\"  href=\"https:\/\/www.enars.com.tr\/?page_id=1591\"><span class=\"wp-block-navigation-item__label\">Evsel At\u0131k Su<\/span><\/a><\/li><li class=\"has-text-color has-virtue-primary-color has-background has-very-light-gray-background-color wp-block-navigation-item wp-block-navigation-link\"><a class=\"wp-block-navigation-item__content\"  href=\"https:\/\/www.enars.com.tr\/?page_id=1592\"><span class=\"wp-block-navigation-item__label\">Yerinde \u0130malat<\/span><\/a><\/li><\/ul><\/li><li class=\"has-text-color has-virtue-primary-color has-background has-very-light-gray-background-color wp-block-navigation-item wp-block-navigation-link\"><a class=\"wp-block-navigation-item__content\"  href=\"https:\/\/www.enars.com.tr\/?page_id=1619\"><span class=\"wp-block-navigation-item__label\">Temiz Su Ar\u0131tma (Su Tasviye)<\/span><\/a><\/li><\/ul><\/nav>\n\n\n<div class=\"wp-container-6 wp-block-group alignwide\"><div class=\"wp-block-group__inner-container\">\n<div class=\"wp-container-5 wp-block-group alignfull\"><div class=\"wp-block-group__inner-container\">\n<div class=\"wp-container-4 wp-block-group alignwide\"><div class=\"wp-block-group__inner-container\">\n<div class=\"wp-container-3 wp-block-group alignwide\"><div class=\"wp-block-group__inner-container\">\n<p><em>At\u0131k su ar\u0131tma<\/em>, g\u00fcn ge\u00e7tik\u00e7e h\u0131zl\u0131 bir \u015fekilde kirlenmekte olan temel ya\u015fam&nbsp;suyun&nbsp;evsel veya&nbsp;end\u00fcstriyel&nbsp;ama\u00e7larla kullan\u0131ld\u0131ktan sonra&nbsp;\u0131slah&nbsp;edilmesi i\u015fidir.<\/p>\n\n\n\n<p>Bu ar\u0131t\u0131m i\u015flemi fiziksel, kimyasal veya&nbsp;biyolojik&nbsp;yollarla yap\u0131labilmektedir:<\/p>\n\n\n\n<ul><li><strong>Kimyasal ar\u0131t\u0131m,<\/strong>&nbsp;at\u0131k suyun h\u0131zl\u0131 ve yava\u015f kar\u0131\u015ft\u0131rma \u00fcnitelerinde \u00e7e\u015fitli kimyasallar eklenip, bu kimyasallar\u0131n at\u0131k suyun i\u00e7indeki kirleticiler ile reaksiyona girerek \u00e7\u00f6kelmesi ile olu\u015fur.<\/li><li><strong>Biyolojik ar\u0131tma,<\/strong>&nbsp;evsel veya end\u00fcstriyel at\u0131k sular\u0131n oksijenli veya oksijensiz bakteriler yard\u0131m\u0131 ile biyolojik olarak par\u00e7alanmas\u0131 ile ger\u00e7ekle\u015fir.<\/li><li><strong>Fiziksel ar\u0131tma,<\/strong>&nbsp;hi\u00e7bir kimyasal veya bakteri kullanmadan mekanik i\u015flemlerle fiziksel olarak at\u0131ksuyun i\u00e7indeki ya\u011f ve kaba at\u0131klar\u0131n \u0131zgara, ya\u011f s\u0131y\u0131r\u0131c\u0131 paletler ve benzeri d\u00fczenekler ile uzakla\u015ft\u0131r\u0131lmas\u0131d\u0131r.<\/li><\/ul>\n\n\n\n<p>Ana at\u0131k su ar\u0131tma prosesleri \u015funlard\u0131r; \u0131zgara (ince veya kaba), \u00f6n \u00e7\u00f6keltim havuzu, kimyasal veya biyolojik ar\u0131tma \u00fcniteleri, son \u00e7\u00f6keltim havuzu ve dezenfeksiyon \u00fcnitesi.<\/p>\n\n\n\n<p>At\u0131k su ar\u0131tma proseslerinin veya proses kombinasyonlar\u0131n\u0131n se\u00e7imi a\u015fa\u011f\u0131daki kriterlere ba\u011fl\u0131d\u0131r:<a href=\"https:\/\/tr.wikipedia.org\/wiki\/Dosya:Trickling_filter_bed_2_w.JPG\"><\/a><a href=\"https:\/\/tr.wikipedia.org\/wiki\/Dosya:Trickling_filter_bed_2_w.JPG\"><\/a>Damlatmal\u0131 filtre<\/p>\n\n\n\n<p><strong>At\u0131k su karakteri<\/strong>: Bu, kirleticinin ask\u0131da, koloidal veya \u00e7\u00f6z\u00fcnm\u00fc\u015f, biyolojik par\u00e7alanabilen gibi hangi formda oldu\u011funu ve toksisitesini kapsamal\u0131d\u0131r.<\/p>\n\n\n\n<p><strong>\u00c7\u0131k\u0131\u015f suyu kalitesi<\/strong>: \u00c7\u0131k\u0131\u015f suyunun zehirlilik (bioassay) deney sonu\u00e7lar\u0131 gibi ileriye y\u00f6nelik istenebilecek de\u015farj k\u0131s\u0131tlamalar\u0131na da planlamada yer verilmelidir.<\/p>\n<\/div><\/div>\n<\/div><\/div>\n<\/div><\/div>\n<\/div><\/div>\n\n\n<style id=\"kb-rowlayout_ab1584-28\">#kt-layout-id_ab1584-28 > .kt-row-column-wrap{padding-top:0px;padding-bottom:80px;padding-left:25px;padding-right:25px;max-width:1000px;margin-left:auto;margin-right:auto;}<\/style>\n<div class=\"wp-block-kadence-rowlayout alignnone\"><div id=\"kt-layout-id_ab1584-28\" class=\"kt-row-layout-inner kt-row-has-bg kt-layout-id_ab1584-28 has-theme-palette-8-background-color\"><div class=\"kt-row-column-wrap kt-has-1-columns kt-gutter-default kt-v-gutter-default kt-row-valign-top kt-row-layout-equal kt-tab-layout-inherit kt-m-colapse-left-to-right kt-mobile-layout-row\">\n<div class=\"wp-block-kadence-column inner-column-1 kadence-column_e33cea-94\"><div class=\"kt-inside-inner-col\"><style id=\"kb-accordion_85af92-09\">.kt-accordion-id_85af92-09 .kt-accordion-panel-inner {border-radius:0px 0px 6px 6px;background:var(--global-palette9, #ffffff);padding-top:30px;padding-right:30px;padding-bottom:30px;padding-left:30px;border-width:0px 0px 0px 0px;}.kt-accordion-id_85af92-09 .wp-block-kadence-pane .kt-accordion-header-wrap .kt-blocks-accordion-header {color:var(--global-palette5, #4A5568);background:var(--global-palette9, #ffffff);border-color:#555555 #555555 #555555 #555555;font-size:18px;line-height:24px;border-radius:6px 6px 0px 0px;border-width:0px 0px 0px 0px;padding-top:14px;padding-right:16px;padding-bottom:14px;padding-left:16px;margin-top:20px;}.kt-accordion-id_85af92-09 .kt-blocks-accordion-header .kt-btn-svg-icon svg {width:18px;height:18px;}.kt-accordion-id_85af92-09:not( .kt-accodion-icon-style-basiccircle ):not( .kt-accodion-icon-style-xclosecircle ):not( .kt-accodion-icon-style-arrowcircle ) .kt-blocks-accordion-icon-trigger:after, .kt-accordion-id_85af92-09:not( .kt-accodion-icon-style-basiccircle ):not( .kt-accodion-icon-style-xclosecircle ):not( .kt-accodion-icon-style-arrowcircle ) .kt-blocks-accordion-icon-trigger:before {background:var(--global-palette5, #4A5568);}.kt-accordion-id_85af92-09:not( .kt-accodion-icon-style-basic ):not( .kt-accodion-icon-style-xclose ):not( .kt-accodion-icon-style-arrow ) .kt-blocks-accordion-icon-trigger {background:var(--global-palette5, #4A5568);}.kt-accordion-id_85af92-09:not( .kt-accodion-icon-style-basic ):not( .kt-accodion-icon-style-xclose ):not( .kt-accodion-icon-style-arrow ) .kt-blocks-accordion-icon-trigger:after, .kt-accordion-id_85af92-09:not( .kt-accodion-icon-style-basic ):not( .kt-accodion-icon-style-xclose ):not( .kt-accodion-icon-style-arrow ) .kt-blocks-accordion-icon-trigger:before {background:var(--global-palette9, #ffffff);}.kt-accordion-id_85af92-09 .kt-accordion-header-wrap .kt-blocks-accordion-header:hover, .kt-accordion-id_85af92-09 .kt-accordion-header-wrap .kt-blocks-accordion-header:focus {color:var(--global-palette4, #2D3748);background:var(--global-palette9, #ffffff);}.kt-accordion-id_85af92-09:not( .kt-accodion-icon-style-basiccircle ):not( .kt-accodion-icon-style-xclosecircle ):not( .kt-accodion-icon-style-arrowcircle ) .kt-blocks-accordion-header:hover .kt-blocks-accordion-icon-trigger:after, .kt-accordion-id_85af92-09:not( .kt-accodion-icon-style-basiccircle ):not( .kt-accodion-icon-style-xclosecircle ):not( .kt-accodion-icon-style-arrowcircle ) .kt-blocks-accordion-header:hover .kt-blocks-accordion-icon-trigger:before, .kt-accordion-id_85af92-09:not( .kt-accodion-icon-style-basiccircle ):not( .kt-accodion-icon-style-xclosecircle ):not( .kt-accodion-icon-style-arrowcircle ) .kt-blocks-accordion-header:focus .kt-blocks-accordion-icon-trigger:after, .kt-accordion-id_85af92-09:not( .kt-accodion-icon-style-basiccircle ):not( .kt-accodion-icon-style-xclosecircle ):not( .kt-accodion-icon-style-arrowcircle ) .kt-blocks-accordion-header:focus .kt-blocks-accordion-icon-trigger:before {background:var(--global-palette4, #2D3748);}.kt-accordion-id_85af92-09:not( .kt-accodion-icon-style-basic ):not( .kt-accodion-icon-style-xclose ):not( .kt-accodion-icon-style-arrow ) .kt-blocks-accordion-header:hover .kt-blocks-accordion-icon-trigger, .kt-accordion-id_85af92-09:not( .kt-accodion-icon-style-basic ):not( .kt-accodion-icon-style-xclose ):not( .kt-accodion-icon-style-arrow ) .kt-blocks-accordion-header:focus .kt-blocks-accordion-icon-trigger {background:var(--global-palette4, #2D3748);}.kt-accordion-id_85af92-09:not( .kt-accodion-icon-style-basic ):not( .kt-accodion-icon-style-xclose ):not( .kt-accodion-icon-style-arrow ) .kt-blocks-accordion-header:hover .kt-blocks-accordion-icon-trigger:after, .kt-accordion-id_85af92-09:not( .kt-accodion-icon-style-basic ):not( .kt-accodion-icon-style-xclose ):not( .kt-accodion-icon-style-arrow ) .kt-blocks-accordion-header:hover .kt-blocks-accordion-icon-trigger:before, .kt-accordion-id_85af92-09:not( .kt-accodion-icon-style-basic ):not( .kt-accodion-icon-style-xclose ):not( .kt-accodion-icon-style-arrow ) .kt-blocks-accordion-header:focus .kt-blocks-accordion-icon-trigger:after, .kt-accordion-id_85af92-09:not( .kt-accodion-icon-style-basic ):not( .kt-accodion-icon-style-xclose ):not( .kt-accodion-icon-style-arrow ) .kt-blocks-accordion-header:focus .kt-blocks-accordion-icon-trigger:before {background:var(--global-palette9, #ffffff);}.kt-accordion-id_85af92-09 .kt-accordion-header-wrap .kt-blocks-accordion-header.kt-accordion-panel-active {color:var(--global-palette9, #ffffff);background:var(--global-palette5, #4A5568);}.kt-accordion-id_85af92-09:not( .kt-accodion-icon-style-basiccircle ):not( .kt-accodion-icon-style-xclosecircle ):not( .kt-accodion-icon-style-arrowcircle ) .kt-blocks-accordion-header.kt-accordion-panel-active .kt-blocks-accordion-icon-trigger:after, .kt-accordion-id_85af92-09:not( .kt-accodion-icon-style-basiccircle ):not( .kt-accodion-icon-style-xclosecircle ):not( .kt-accodion-icon-style-arrowcircle ) .kt-blocks-accordion-header.kt-accordion-panel-active .kt-blocks-accordion-icon-trigger:before {background:var(--global-palette9, #ffffff);}.kt-accordion-id_85af92-09:not( .kt-accodion-icon-style-basic ):not( .kt-accodion-icon-style-xclose ):not( .kt-accodion-icon-style-arrow ) .kt-blocks-accordion-header.kt-accordion-panel-active .kt-blocks-accordion-icon-trigger {background:var(--global-palette9, #ffffff);}.kt-accordion-id_85af92-09:not( .kt-accodion-icon-style-basic ):not( .kt-accodion-icon-style-xclose ):not( .kt-accodion-icon-style-arrow ) .kt-blocks-accordion-header.kt-accordion-panel-active .kt-blocks-accordion-icon-trigger:after, .kt-accordion-id_85af92-09:not( .kt-accodion-icon-style-basic ):not( .kt-accodion-icon-style-xclose ):not( .kt-accodion-icon-style-arrow ) .kt-blocks-accordion-header.kt-accordion-panel-active .kt-blocks-accordion-icon-trigger:before {background:var(--global-palette5, #4A5568);}<\/style>\n<div class=\"wp-block-kadence-accordion alignnone\"><div class=\"kt-accordion-wrap kt-accordion-wrap kt-accordion-id_85af92-09 kt-accordion-has-5-panes kt-active-pane-0 kt-accordion-block kt-pane-header-alignment-left kt-accodion-icon-style-basic kt-accodion-icon-side-right\" style=\"max-width:none\"><div class=\"kt-accordion-inner-wrap\" data-allow-multiple-open=\"false\" data-start-open=\"none\">\n<div class=\"wp-block-kadence-pane kt-accordion-pane kt-accordion-pane-1 kt-pane_f62d36-c1\"><div class=\"kt-accordion-header-wrap\"><button class=\"kt-blocks-accordion-header kt-acccordion-button-label-show\"><span class=\"kt-blocks-accordion-title-wrap\"><span class=\"kt-blocks-accordion-title\"><strong>Herhangi at\u0131k su ar\u0131tma problemi i\u00e7in mevcut yer ve maliyet<\/strong>?<\/span><\/span><span class=\"kt-blocks-accordion-icon-trigger\"><\/span><\/button><\/div><div class=\"kt-accordion-panel\"><div class=\"kt-accordion-panel-inner\">\n<p><strong>Herhangi at\u0131k su ar\u0131tma problemi i\u00e7in mevcut yer ve maliyet<\/strong>: \u0130stenen ar\u0131tma verimine \u00e7o\u011fu zaman bir veya daha fazla ar\u0131t\u0131m kombinasyonu ile ula\u015f\u0131labilir. Ancak bu se\u00e7eneklerden yaln\u0131zca bir tanesi en ekonomiktir. Bu nedenle proses tasar\u0131m\u0131na ge\u00e7emeden \u00f6nce detayl\u0131 bir fizibilite analizi yap\u0131lmal\u0131d\u0131r.<\/p>\n<\/div><\/div><\/div>\n\n\n\n<div class=\"wp-block-kadence-pane kt-accordion-pane kt-accordion-pane-2 kt-pane_4d8e33-87\"><div class=\"kt-accordion-header-wrap\"><button class=\"kt-blocks-accordion-header kt-acccordion-button-label-show\"><span class=\"kt-blocks-accordion-title-wrap\"><span class=\"kt-blocks-accordion-title\">Paket At\u0131ksu Ar\u0131tma sistemi ?<\/span><\/span><span class=\"kt-blocks-accordion-icon-trigger\"><\/span><\/button><\/div><div class=\"kt-accordion-panel\"><div class=\"kt-accordion-panel-inner\">\n<p>Paket At\u0131ksu Ar\u0131tma sistemi Kanalizasyon sistemi bulunmayan veya kanalizasyon sistemi olup da at\u0131k su ar\u0131tma tesisi istenen tesislerde at\u0131ksu ar\u0131tma tesisi ihtiyac\u0131n\u0131 ekonomik ve kolay montaj y\u00f6ntemleri ile \u00e7\u00f6zen at\u0131k su ar\u0131tma sistemidir. Ar\u0131tma tesisi kurarken ar\u0131tma prosesi, i\u015fletim maliyetleri ar\u0131tma tesisinin ekipman ve imalat kalitesi ar\u0131tma tesisi i\u00e7in belirleyici parametrelerdir.<\/p>\n<\/div><\/div><\/div>\n<\/div><\/div><\/div>\n<\/div><\/div>\n<\/div><\/div><\/div>\n","protected":false},"excerpt":{"rendered":"<p>At\u0131k su ar\u0131tma, g\u00fcn ge\u00e7tik\u00e7e h\u0131zl\u0131 bir \u015fekilde kirlenmekte olan temel ya\u015fam&nbsp;suyun&nbsp;evsel veya&nbsp;end\u00fcstriyel&nbsp;ama\u00e7larla kullan\u0131ld\u0131ktan sonra&nbsp;\u0131slah&nbsp;edilmesi i\u015fidir. Bu ar\u0131t\u0131m i\u015flemi fiziksel, kimyasal veya&nbsp;biyolojik&nbsp;yollarla yap\u0131labilmektedir: Kimyasal ar\u0131t\u0131m,&nbsp;at\u0131k suyun h\u0131zl\u0131 ve yava\u015f kar\u0131\u015ft\u0131rma \u00fcnitelerinde \u00e7e\u015fitli kimyasallar eklenip, bu kimyasallar\u0131n at\u0131k suyun i\u00e7indeki kirleticiler &hellip; <a href=\"https:\/\/www.enars.com.tr\/?page_id=1587\">Devam\u0131<\/a><\/p>\n","protected":false},"author":1,"featured_media":0,"parent":0,"menu_order":0,"comment_status":"closed","ping_status":"closed","template":"","meta":{"kt_blocks_editor_width":""},"_links":{"self":[{"href":"https:\/\/www.enars.com.tr\/index.php?rest_route=\/wp\/v2\/pages\/1587"}],"collection":[{"href":"https:\/\/www.enars.com.tr\/index.php?rest_route=\/wp\/v2\/pages"}],"about":[{"href":"https:\/\/www.enars.com.tr\/index.php?rest_route=\/wp\/v2\/types\/page"}],"author":[{"embeddable":true,"href":"https:\/\/www.enars.com.tr\/index.php?rest_route=\/wp\/v2\/users\/1"}],"replies":[{"embeddable":true,"href":"https:\/\/www.enars.com.tr\/index.php?rest_route=%2Fwp%2Fv2%2Fcomments&post=1587"}],"version-history":[{"count":9,"href":"https:\/\/www.enars.com.tr\/index.php?rest_route=\/wp\/v2\/pages\/1587\/revisions"}],"predecessor-version":[{"id":2095,"href":"https:\/\/www.enars.com.tr\/index.php?rest_route=\/wp\/v2\/pages\/1587\/revisions\/2095"}],"wp:attachment":[{"href":"https:\/\/www.enars.com.tr\/index.php?rest_route=%2Fwp%2Fv2%2Fmedia&parent=1587"}],"curies":[{"name":"wp","href":"https:\/\/api.w.org\/{rel}","templated":true}]}}