{"id":1531,"date":"2021-04-12T12:29:22","date_gmt":"2021-04-12T12:29:22","guid":{"rendered":"http:\/\/www.enars.com.tr\/?page_id=1531"},"modified":"2025-04-05T07:28:49","modified_gmt":"2025-04-05T07:28:49","slug":"otomasyon-ve-kontrol-sistemleri","status":"publish","type":"page","link":"https:\/\/www.enars.com.tr\/?page_id=1531","title":{"rendered":"Otomasyon ve Kontrol Sistemleri"},"content":{"rendered":"\n<p><strong>At\u0131ksu Ar\u0131tma Tesislerinde Kum Tutucular\u0131n Rol\u00fc<\/strong><\/p>\n\n\n\n<p><strong>&nbsp;&nbsp;&nbsp;&nbsp;&nbsp;&nbsp;&nbsp;&nbsp;&nbsp;&nbsp;&nbsp; Kum tutucu<\/strong>, at\u0131ksu ar\u0131tma tesislerinde \u00f6nemli bir \u00f6n ar\u0131tma ekipman\u0131d\u0131r. Kum tutucular, at\u0131ksuda bulunan kum, \u00e7ak\u0131l, ta\u015f ve di\u011fer b\u00fcy\u00fck kat\u0131 maddeleri ay\u0131rarak, sistemin verimli \u00e7al\u0131\u015fmas\u0131n\u0131 sa\u011flar. Bu cihazlar, ar\u0131tma s\u00fcrecinin her a\u015famas\u0131n\u0131 iyile\u015ftirir ve tesisin uzun \u00f6m\u00fcrl\u00fc olmas\u0131na katk\u0131da bulunur. \u0130\u015fte kum tutucular\u0131n at\u0131ksu ar\u0131tma tesisindeki i\u015flevleri:<\/p>\n\n\n\n<p><strong>1. Kat\u0131 Maddelerin Ay\u0131klanmas\u0131<\/strong><\/p>\n\n\n\n<p>&nbsp;&nbsp;&nbsp;&nbsp;&nbsp;&nbsp;&nbsp;&nbsp;&nbsp;&nbsp;&nbsp; At\u0131ksu, \u00e7e\u015fitli kat\u0131 maddeler (kum, ta\u015f, \u00e7ak\u0131l vb.) i\u00e7erir. Kum tutucu, bu maddeleri etkili bir \u015fekilde ay\u0131rarak, suyun ar\u0131tma sistemine zarar vermesini engeller. Bu, suyun daha temiz bir \u015fekilde ar\u0131t\u0131lmas\u0131n\u0131 sa\u011flar.<\/p>\n\n\n\n<p><strong>2. Verimli Ar\u0131tma S\u00fcreci<\/strong><\/p>\n\n\n\n<p>&nbsp;&nbsp;&nbsp;&nbsp;&nbsp;&nbsp;&nbsp;&nbsp;&nbsp;&nbsp;&nbsp; Kum tutucu, suyu ar\u0131tma sistemine girmeden \u00f6nce b\u00fcy\u00fck partik\u00fclleri ay\u0131r\u0131r. Bu, ar\u0131tma s\u00fcrecinin daha verimli ve etkili olmas\u0131n\u0131 sa\u011flar. Di\u011fer ar\u0131tma \u00fcniteleri, daha temiz suyu i\u015fler ve genel ar\u0131tma s\u00fcreci h\u0131zlan\u0131r.<\/p>\n\n\n\n<p><strong>3. Sistemin Uzun \u00d6m\u00fcrl\u00fc Olmas\u0131n\u0131 Sa\u011flar<\/strong><\/p>\n\n\n\n<p>&nbsp;&nbsp;&nbsp;&nbsp;&nbsp;&nbsp;&nbsp;&nbsp;&nbsp;&nbsp;&nbsp; Kum tutucular, ar\u0131tma tesisindeki pompa ve boru hatlar\u0131n\u0131n t\u0131kanmas\u0131n\u0131 engeller. Kum ve iri partik\u00fcller bu sistemlere zarar verebilir, ancak kum tutucu sayesinde bu sorunlar ortadan kalkar. Bu, tesisin ekipmanlar\u0131n\u0131n daha uzun s\u00fcre verimli \u00e7al\u0131\u015fmas\u0131n\u0131 sa\u011flar.<\/p>\n\n\n\n<p><strong>4. \u0130lk A\u015fama Filtrasyon<\/strong><\/p>\n\n\n\n<p>&nbsp;&nbsp;&nbsp;&nbsp;&nbsp;&nbsp;&nbsp;&nbsp;&nbsp;&nbsp;&nbsp; Kum tutucu, at\u0131ksu ar\u0131tma sisteminde ilk ad\u0131m olarak devreye girer. Bu, daha sonra yap\u0131lacak olan biyolojik ar\u0131tma, kimyasal i\u015flemler ve di\u011fer ad\u0131mlar\u0131n daha etkili olmas\u0131n\u0131 sa\u011flar.<\/p>\n\n\n\n<p><strong>5. \u00c7evresel Koruma<\/strong><\/p>\n\n\n\n<p>&nbsp;&nbsp;&nbsp;&nbsp;&nbsp;&nbsp;&nbsp;&nbsp;&nbsp;&nbsp;&nbsp; Kum tutucular, \u00e7evreye olan etkileri azaltmaya yard\u0131mc\u0131 olur. Kum ve iri kat\u0131 maddelerin su kirlili\u011fine neden olmas\u0131 engellenir, b\u00f6ylece \u00e7evreye verilen zarar en aza indirgenmi\u015f olur.<\/p>\n\n\n\n<p><strong>&nbsp;&nbsp;&nbsp;&nbsp;&nbsp;&nbsp;&nbsp;&nbsp;&nbsp;&nbsp;&nbsp; Enars End\u00fcstriyel Ar\u0131tma Sistemleri<\/strong> olarak, kum tutucu sistemlerimizle at\u0131ksu ar\u0131tma tesislerinizin verimli \u00e7al\u0131\u015fmas\u0131n\u0131 ve \u00e7evre dostu olmas\u0131n\u0131 sa\u011fl\u0131yoruz. Su kaynaklar\u0131n\u0131n korunmas\u0131na ve s\u00fcrd\u00fcr\u00fclebilir bir \u00e7evreye katk\u0131 sa\u011fl\u0131yoruz.<\/p>\n","protected":false},"excerpt":{"rendered":"<p>At\u0131ksu Ar\u0131tma Tesislerinde Kum Tutucular\u0131n Rol\u00fc &nbsp;&nbsp;&nbsp;&nbsp;&nbsp;&nbsp;&nbsp;&nbsp;&nbsp;&nbsp;&nbsp; Kum tutucu, at\u0131ksu ar\u0131tma tesislerinde \u00f6nemli bir \u00f6n ar\u0131tma ekipman\u0131d\u0131r. Kum tutucular, at\u0131ksuda bulunan kum, \u00e7ak\u0131l, ta\u015f ve di\u011fer b\u00fcy\u00fck kat\u0131 maddeleri ay\u0131rarak, sistemin verimli \u00e7al\u0131\u015fmas\u0131n\u0131 sa\u011flar. Bu cihazlar, ar\u0131tma s\u00fcrecinin her a\u015famas\u0131n\u0131 &hellip; <a href=\"https:\/\/www.enars.com.tr\/?page_id=1531\">Devam\u0131<\/a><\/p>\n","protected":false},"author":1,"featured_media":0,"parent":0,"menu_order":0,"comment_status":"closed","ping_status":"closed","template":"","meta":{"kt_blocks_editor_width":""},"_links":{"self":[{"href":"https:\/\/www.enars.com.tr\/index.php?rest_route=\/wp\/v2\/pages\/1531"}],"collection":[{"href":"https:\/\/www.enars.com.tr\/index.php?rest_route=\/wp\/v2\/pages"}],"about":[{"href":"https:\/\/www.enars.com.tr\/index.php?rest_route=\/wp\/v2\/types\/page"}],"author":[{"embeddable":true,"href":"https:\/\/www.enars.com.tr\/index.php?rest_route=\/wp\/v2\/users\/1"}],"replies":[{"embeddable":true,"href":"https:\/\/www.enars.com.tr\/index.php?rest_route=%2Fwp%2Fv2%2Fcomments&post=1531"}],"version-history":[{"count":2,"href":"https:\/\/www.enars.com.tr\/index.php?rest_route=\/wp\/v2\/pages\/1531\/revisions"}],"predecessor-version":[{"id":2060,"href":"https:\/\/www.enars.com.tr\/index.php?rest_route=\/wp\/v2\/pages\/1531\/revisions\/2060"}],"wp:attachment":[{"href":"https:\/\/www.enars.com.tr\/index.php?rest_route=%2Fwp%2Fv2%2Fmedia&parent=1531"}],"curies":[{"name":"wp","href":"https:\/\/api.w.org\/{rel}","templated":true}]}}