{"id":1527,"date":"2021-04-12T12:29:22","date_gmt":"2021-04-12T12:29:22","guid":{"rendered":"http:\/\/www.enars.com.tr\/?page_id=1527"},"modified":"2025-04-05T07:28:00","modified_gmt":"2025-04-05T07:28:00","slug":"ya-tutucu","status":"publish","type":"page","link":"https:\/\/www.enars.com.tr\/?page_id=1527","title":{"rendered":"Ya\u011f Tutucu"},"content":{"rendered":"\n<p><strong>At\u0131ksu Ar\u0131tma Tesislerinde Ya\u011f Tutucular\u0131n Rol\u00fc<\/strong><\/p>\n\n\n\n<p>&nbsp;&nbsp;&nbsp;&nbsp;&nbsp;&nbsp;&nbsp;&nbsp;&nbsp;&nbsp;&nbsp; At\u0131ksu ar\u0131tma tesislerinde, <strong>ya\u011f tutucular<\/strong> \u00f6zellikle end\u00fcstriyel tesislerde \u00f6nemli bir rol oynar. Ya\u011flar, suyun ar\u0131t\u0131lmas\u0131n\u0131 zorla\u015ft\u0131rabilir, ekipmanlar\u0131 t\u0131kayabilir ve \u00e7evreye zarar verebilir. Ya\u011f tutucu sistemleri, at\u0131ksudaki ya\u011flar\u0131 etkin bir \u015fekilde ayr\u0131\u015ft\u0131rarak, suyun daha ileri ar\u0131tma a\u015famalar\u0131na ge\u00e7mesini sa\u011flar. \u0130\u015fte ya\u011f tutucular\u0131n at\u0131ksu ar\u0131tma tesislerindeki temel i\u015flevleri:<\/p>\n\n\n\n<p><strong>1. Ya\u011f ve Ya\u011fl\u0131 At\u0131klar\u0131 Ay\u0131rma<\/strong><\/p>\n\n\n\n<p>&nbsp;&nbsp;&nbsp;&nbsp;&nbsp;&nbsp;&nbsp;&nbsp;&nbsp;&nbsp;&nbsp; Ya\u011f tutucular, at\u0131ksu i\u00e7erisindeki ya\u011flar\u0131 ve ya\u011fl\u0131 at\u0131klar\u0131 sudan ay\u0131rarak, bunlar\u0131 y\u00fczeye \u00e7\u0131kar\u0131r. Y\u00fczeyde biriken ya\u011f, sistem taraf\u0131ndan toplanarak bertaraf edilir, b\u00f6ylece suyun kalitesi iyile\u015fir.<\/p>\n\n\n\n<p><strong>2. Suyun Temizli\u011fini Sa\u011flamak<\/strong><\/p>\n\n\n\n<p>&nbsp;&nbsp;&nbsp;&nbsp;&nbsp;&nbsp;&nbsp;&nbsp;&nbsp;&nbsp;&nbsp; Ya\u011flar, biyolojik ar\u0131tma ve di\u011fer ar\u0131tma s\u00fcre\u00e7lerini engelleyebilir. Ya\u011f tutucular, bu maddeleri uzakla\u015ft\u0131rarak, suyun ar\u0131tma i\u015flemlerinin daha verimli ve h\u0131zl\u0131 bir \u015fekilde ger\u00e7ekle\u015fmesini sa\u011flar.<\/p>\n\n\n\n<p><strong>3. Ekipmanlar\u0131 Korumak<\/strong><\/p>\n\n\n\n<p>&nbsp;&nbsp;&nbsp;&nbsp;&nbsp;&nbsp;&nbsp;&nbsp;&nbsp;&nbsp;&nbsp; Ya\u011f, su ar\u0131tma tesisindeki ekipmanlara zarar verebilir ve t\u0131kanmalara yol a\u00e7abilir. Ya\u011f tutucular, ekipmanlar\u0131n verimli \u00e7al\u0131\u015fmas\u0131n\u0131 sa\u011flayarak, bak\u0131m maliyetlerini d\u00fc\u015f\u00fcr\u00fcr ve tesisin uzun \u00f6m\u00fcrl\u00fc olmas\u0131na katk\u0131 sa\u011flar.<\/p>\n\n\n\n<p><strong>4. \u00c7evresel Etkiyi Azaltmak<\/strong><\/p>\n\n\n\n<p>&nbsp;&nbsp;&nbsp;&nbsp;&nbsp;&nbsp;&nbsp;&nbsp;&nbsp;&nbsp;&nbsp; Ya\u011flar, do\u011faya kar\u0131\u015ft\u0131\u011f\u0131nda ekosistemlere zarar verebilir. Ya\u011f tutucular sayesinde, at\u0131ksu i\u00e7erisindeki ya\u011flar etkin bir \u015fekilde ayr\u0131l\u0131r ve \u00e7evreye zarar vermesi engellenir. Bu, \u00e7evre dostu bir ar\u0131tma s\u00fcrecini m\u00fcmk\u00fcn k\u0131lar.<\/p>\n\n\n\n<p><strong>5. At\u0131k Bertaraf\u0131n\u0131 Kolayla\u015ft\u0131rmak<\/strong><\/p>\n\n\n\n<p>&nbsp;&nbsp;&nbsp;&nbsp;&nbsp;&nbsp;&nbsp;&nbsp;&nbsp;&nbsp;&nbsp; Ya\u011f tutucular, suyun i\u00e7erisindeki ya\u011flar\u0131 toplar ve bu at\u0131klar\u0131 uygun \u015fekilde bertaraf etmek i\u00e7in haz\u0131rlar. B\u00f6ylece tesisler, at\u0131k y\u00f6netim s\u00fcre\u00e7lerini daha verimli ve \u00e7evre dostu bir \u015fekilde ger\u00e7ekle\u015ftirebilir.<\/p>\n\n\n\n<p>Enars End\u00fcstriyel Ar\u0131tma Sistemleri olarak, tesislerimizde kullan\u0131lan y\u00fcksek verimli ya\u011f tutucu sistemleri ile at\u0131ksu ar\u0131tma s\u00fcre\u00e7lerini optimize ediyor, \u00e7evreye olan etkileri en aza indiriyor ve suyun kalitesini art\u0131r\u0131yoruz.<\/p>\n","protected":false},"excerpt":{"rendered":"<p>At\u0131ksu Ar\u0131tma Tesislerinde Ya\u011f Tutucular\u0131n Rol\u00fc &nbsp;&nbsp;&nbsp;&nbsp;&nbsp;&nbsp;&nbsp;&nbsp;&nbsp;&nbsp;&nbsp; At\u0131ksu ar\u0131tma tesislerinde, ya\u011f tutucular \u00f6zellikle end\u00fcstriyel tesislerde \u00f6nemli bir rol oynar. Ya\u011flar, suyun ar\u0131t\u0131lmas\u0131n\u0131 zorla\u015ft\u0131rabilir, ekipmanlar\u0131 t\u0131kayabilir ve \u00e7evreye zarar verebilir. Ya\u011f tutucu sistemleri, at\u0131ksudaki ya\u011flar\u0131 etkin bir \u015fekilde ayr\u0131\u015ft\u0131rarak, suyun daha &hellip; <a href=\"https:\/\/www.enars.com.tr\/?page_id=1527\">Devam\u0131<\/a><\/p>\n","protected":false},"author":1,"featured_media":0,"parent":0,"menu_order":0,"comment_status":"closed","ping_status":"closed","template":"","meta":{"kt_blocks_editor_width":""},"_links":{"self":[{"href":"https:\/\/www.enars.com.tr\/index.php?rest_route=\/wp\/v2\/pages\/1527"}],"collection":[{"href":"https:\/\/www.enars.com.tr\/index.php?rest_route=\/wp\/v2\/pages"}],"about":[{"href":"https:\/\/www.enars.com.tr\/index.php?rest_route=\/wp\/v2\/types\/page"}],"author":[{"embeddable":true,"href":"https:\/\/www.enars.com.tr\/index.php?rest_route=\/wp\/v2\/users\/1"}],"replies":[{"embeddable":true,"href":"https:\/\/www.enars.com.tr\/index.php?rest_route=%2Fwp%2Fv2%2Fcomments&post=1527"}],"version-history":[{"count":3,"href":"https:\/\/www.enars.com.tr\/index.php?rest_route=\/wp\/v2\/pages\/1527\/revisions"}],"predecessor-version":[{"id":2058,"href":"https:\/\/www.enars.com.tr\/index.php?rest_route=\/wp\/v2\/pages\/1527\/revisions\/2058"}],"wp:attachment":[{"href":"https:\/\/www.enars.com.tr\/index.php?rest_route=%2Fwp%2Fv2%2Fmedia&parent=1527"}],"curies":[{"name":"wp","href":"https:\/\/api.w.org\/{rel}","templated":true}]}}