{"id":1525,"date":"2021-04-12T12:29:22","date_gmt":"2021-04-12T12:29:22","guid":{"rendered":"http:\/\/www.enars.com.tr\/?page_id=1525"},"modified":"2025-05-10T11:41:58","modified_gmt":"2025-05-10T11:41:58","slug":"ekipmanlar","status":"publish","type":"page","link":"https:\/\/www.enars.com.tr\/?page_id=1525","title":{"rendered":"Ekipmanlar"},"content":{"rendered":"<style id=\"kb-rowlayout_a31c4f-4a\">#kt-layout-id_a31c4f-4a > .kt-row-column-wrap.kb-theme-content-width{max-width:1140px;}<\/style>\n<div class=\"wp-block-kadence-rowlayout alignnone\"><div id=\"kt-layout-id_a31c4f-4a\" class=\"kt-row-layout-inner kt-layout-id_a31c4f-4a\"><div class=\"kt-row-column-wrap kt-has-1-columns kt-gutter-default kt-v-gutter-default kt-row-valign-top kt-row-layout-equal kt-tab-layout-inherit kt-m-colapse-left-to-right kt-mobile-layout-row kb-theme-content-width\">\n<div class=\"wp-block-kadence-column inner-column-1 kadence-column_87f75d-82\"><div class=\"kt-inside-inner-col\"><style id=\"kb-accordion_5abc1b-60\">.kt-accordion-id_5abc1b-60 .kt-accordion-panel-inner {background:#fff;border-width:0px 0px 0px 0px;}.kt-accordion-id_5abc1b-60 .wp-block-kadence-pane .kt-accordion-header-wrap .kt-blocks-accordion-header {color:#444;background:#f2f2f2;border-color:#f2f2f2 #f2f2f2 #f2f2f2 #f2f2f2;font-size:18px;line-height:32px;border-radius:6px 6px 6px 6px;border-width:1px 1px 1px 2px;padding-top:14px;padding-right:14px;padding-bottom:14px;padding-left:14px;margin-top:10px;}.kt-accordion-id_5abc1b-60 .kt-blocks-accordion-header .kt-btn-svg-icon svg {width:18px;height:18px;}.kt-accordion-id_5abc1b-60:not( .kt-accodion-icon-style-basiccircle ):not( .kt-accodion-icon-style-xclosecircle ):not( .kt-accodion-icon-style-arrowcircle ) .kt-blocks-accordion-icon-trigger:after, .kt-accordion-id_5abc1b-60:not( .kt-accodion-icon-style-basiccircle ):not( .kt-accodion-icon-style-xclosecircle ):not( .kt-accodion-icon-style-arrowcircle ) .kt-blocks-accordion-icon-trigger:before {background:#444;}.kt-accordion-id_5abc1b-60:not( .kt-accodion-icon-style-basic ):not( .kt-accodion-icon-style-xclose ):not( .kt-accodion-icon-style-arrow ) .kt-blocks-accordion-icon-trigger {background:#444;}.kt-accordion-id_5abc1b-60:not( .kt-accodion-icon-style-basic ):not( .kt-accodion-icon-style-xclose ):not( .kt-accodion-icon-style-arrow ) .kt-blocks-accordion-icon-trigger:after, .kt-accordion-id_5abc1b-60:not( .kt-accodion-icon-style-basic ):not( .kt-accodion-icon-style-xclose ):not( .kt-accodion-icon-style-arrow ) .kt-blocks-accordion-icon-trigger:before {background:#f2f2f2;}.kt-accordion-id_5abc1b-60 .kt-accordion-header-wrap .kt-blocks-accordion-header:hover, .kt-accordion-id_5abc1b-60 .kt-accordion-header-wrap .kt-blocks-accordion-header:focus {color:#444444;background:#eeeeee;border-color:#eeeeee #eeeeee #eeeeee #eeeeee;}.kt-accordion-id_5abc1b-60:not( .kt-accodion-icon-style-basiccircle ):not( .kt-accodion-icon-style-xclosecircle ):not( .kt-accodion-icon-style-arrowcircle ) .kt-blocks-accordion-header:hover .kt-blocks-accordion-icon-trigger:after, .kt-accordion-id_5abc1b-60:not( .kt-accodion-icon-style-basiccircle ):not( .kt-accodion-icon-style-xclosecircle ):not( .kt-accodion-icon-style-arrowcircle ) .kt-blocks-accordion-header:hover .kt-blocks-accordion-icon-trigger:before, .kt-accordion-id_5abc1b-60:not( .kt-accodion-icon-style-basiccircle ):not( .kt-accodion-icon-style-xclosecircle ):not( .kt-accodion-icon-style-arrowcircle ) .kt-blocks-accordion-header:focus .kt-blocks-accordion-icon-trigger:after, .kt-accordion-id_5abc1b-60:not( .kt-accodion-icon-style-basiccircle ):not( .kt-accodion-icon-style-xclosecircle ):not( .kt-accodion-icon-style-arrowcircle ) .kt-blocks-accordion-header:focus .kt-blocks-accordion-icon-trigger:before {background:#444444;}.kt-accordion-id_5abc1b-60:not( .kt-accodion-icon-style-basic ):not( .kt-accodion-icon-style-xclose ):not( .kt-accodion-icon-style-arrow ) .kt-blocks-accordion-header:hover .kt-blocks-accordion-icon-trigger, .kt-accordion-id_5abc1b-60:not( .kt-accodion-icon-style-basic ):not( .kt-accodion-icon-style-xclose ):not( .kt-accodion-icon-style-arrow ) .kt-blocks-accordion-header:focus .kt-blocks-accordion-icon-trigger {background:#444444;}.kt-accordion-id_5abc1b-60:not( .kt-accodion-icon-style-basic ):not( .kt-accodion-icon-style-xclose ):not( .kt-accodion-icon-style-arrow ) .kt-blocks-accordion-header:hover .kt-blocks-accordion-icon-trigger:after, .kt-accordion-id_5abc1b-60:not( .kt-accodion-icon-style-basic ):not( .kt-accodion-icon-style-xclose ):not( .kt-accodion-icon-style-arrow ) .kt-blocks-accordion-header:hover .kt-blocks-accordion-icon-trigger:before, .kt-accordion-id_5abc1b-60:not( .kt-accodion-icon-style-basic ):not( .kt-accodion-icon-style-xclose ):not( .kt-accodion-icon-style-arrow ) .kt-blocks-accordion-header:focus .kt-blocks-accordion-icon-trigger:after, .kt-accordion-id_5abc1b-60:not( .kt-accodion-icon-style-basic ):not( .kt-accodion-icon-style-xclose ):not( .kt-accodion-icon-style-arrow ) .kt-blocks-accordion-header:focus .kt-blocks-accordion-icon-trigger:before {background:#eeeeee;}.kt-accordion-id_5abc1b-60 .kt-accordion-header-wrap .kt-blocks-accordion-header.kt-accordion-panel-active {color:#ffffff;background:#f3690e;border-color:#f3690e #f3690e #f3690e #f3690e;}.kt-accordion-id_5abc1b-60:not( .kt-accodion-icon-style-basiccircle ):not( .kt-accodion-icon-style-xclosecircle ):not( .kt-accodion-icon-style-arrowcircle ) .kt-blocks-accordion-header.kt-accordion-panel-active .kt-blocks-accordion-icon-trigger:after, .kt-accordion-id_5abc1b-60:not( .kt-accodion-icon-style-basiccircle ):not( .kt-accodion-icon-style-xclosecircle ):not( .kt-accodion-icon-style-arrowcircle ) .kt-blocks-accordion-header.kt-accordion-panel-active .kt-blocks-accordion-icon-trigger:before {background:#ffffff;}.kt-accordion-id_5abc1b-60:not( .kt-accodion-icon-style-basic ):not( .kt-accodion-icon-style-xclose ):not( .kt-accodion-icon-style-arrow ) .kt-blocks-accordion-header.kt-accordion-panel-active .kt-blocks-accordion-icon-trigger {background:#ffffff;}.kt-accordion-id_5abc1b-60:not( .kt-accodion-icon-style-basic ):not( .kt-accodion-icon-style-xclose ):not( .kt-accodion-icon-style-arrow ) .kt-blocks-accordion-header.kt-accordion-panel-active .kt-blocks-accordion-icon-trigger:after, .kt-accordion-id_5abc1b-60:not( .kt-accodion-icon-style-basic ):not( .kt-accodion-icon-style-xclose ):not( .kt-accodion-icon-style-arrow ) .kt-blocks-accordion-header.kt-accordion-panel-active .kt-blocks-accordion-icon-trigger:before {background:#f3690e;}<\/style>\n<div class=\"wp-block-kadence-accordion alignnone\"><div class=\"kt-accordion-wrap kt-accordion-wrap kt-accordion-id_5abc1b-60 kt-accordion-has-21-panes kt-active-pane-12 kt-accordion-block kt-pane-header-alignment-left kt-accodion-icon-style-basic kt-accodion-icon-side-right\" style=\"max-width:none\"><div class=\"kt-accordion-inner-wrap\" data-allow-multiple-open=\"false\" data-start-open=\"12\">\n<div class=\"wp-block-kadence-pane kt-accordion-pane kt-accordion-pane-13 kt-pane_ab69be-d4\"><div class=\"kt-accordion-header-wrap\"><button class=\"kt-blocks-accordion-header kt-acccordion-button-label-show\"><span class=\"kt-blocks-accordion-title-wrap\"><span class=\"kt-blocks-accordion-title\">Izgaralar<\/span><\/span><span class=\"kt-blocks-accordion-icon-trigger\"><\/span><\/button><\/div><div class=\"kt-accordion-panel\"><div class=\"kt-accordion-panel-inner\"><div class=\"wp-block-image\">\n<figure class=\"alignleft size-full\"><img loading=\"lazy\" width=\"300\" height=\"300\" src=\"https:\/\/www.enars.com.tr\/wp-content\/uploads\/2022\/05\/izgara.jpg\" alt=\"\" class=\"wp-image-2097\" srcset=\"https:\/\/www.enars.com.tr\/wp-content\/uploads\/2022\/05\/izgara.jpg 300w, https:\/\/www.enars.com.tr\/wp-content\/uploads\/2022\/05\/izgara-150x150.jpg 150w, https:\/\/www.enars.com.tr\/wp-content\/uploads\/2022\/05\/izgara-100x100.jpg 100w\" sizes=\"(max-width: 300px) 100vw, 300px\" \/><\/figure><\/div>\n\n\n<p><strong>At\u0131ksu Ar\u0131tma Tesislerinde Izgaralar\u0131n Rol\u00fc<\/strong><\/p>\n\n\n\n<p>\u00a0\u00a0\u00a0\u00a0\u00a0\u00a0\u00a0\u00a0\u00a0\u00a0\u00a0 At\u0131ksu ar\u0131tma tesislerinde\u00a0<strong>\u0131zgaralar<\/strong>, suyun ilk a\u015famalar\u0131nda b\u00fcy\u00fck kat\u0131 maddelerin ayr\u0131lmas\u0131n\u0131 sa\u011flayan kritik ekipmanlard\u0131r. At\u0131ksuda bulunan b\u00fcy\u00fck partik\u00fcller (plastikler, ta\u015flar, a\u011fa\u00e7 par\u00e7alar\u0131 vb.) ileri ar\u0131tma s\u00fcre\u00e7lerini engelleyebilir ve tesisin i\u015fleyi\u015fini zorla\u015ft\u0131rabilir. <\/p>\n\n\n\n<p>Enars End\u00fcstriyel Ar\u0131tma Sistemleri olarak, at\u0131ksu ar\u0131tma tesislerimizde modern ve y\u00fcksek verimli \u0131zgara sistemlerini kullanarak, tesislerimizin i\u015fleyi\u015fini en \u00fcst seviyeye \u00e7\u0131karmay\u0131 hedefliyoruz.<\/p>\n\n\n\n<p><\/p>\n\n\n<style id=\"kb-advancedbtn_91351b-bb\">.kt-btns_91351b-bb .kt-btn-wrap-0{margin-right:5px;}.rtl .kt-btns_91351b-bb .kt-btn-wrap-0{margin-left:5px;margin-right:0px;}.wp-block-kadence-advancedbtn.kt-btns_91351b-bb .kt-btn-wrap-0 .kt-button{color:#555555;border-color:#555555;}.wp-block-kadence-advancedbtn.kt-btns_91351b-bb .kt-btn-wrap-0 .kt-button:hover, .wp-block-kadence-advancedbtn.kt-btns_91351b-bb .kt-btn-wrap-0 .kt-button:focus{color:#ffffff;border-color:#444444;}.wp-block-kadence-advancedbtn.kt-btns_91351b-bb .kt-btn-wrap-0 .kt-button::before{display:none;}.wp-block-kadence-advancedbtn.kt-btns_91351b-bb .kt-btn-wrap-0 .kt-button:hover, .wp-block-kadence-advancedbtn.kt-btns_91351b-bb .kt-btn-wrap-0 .kt-button:focus{background:#444444;}<\/style>\n<div class=\"wp-block-kadence-advancedbtn kt-btn-align-center kt-btn-tablet-align-inherit kt-btn-mobile-align-inherit kt-btns-wrap kt-btns_91351b-bb kt-force-btn-fullwidth\"><div class=\"kt-btn-wrap kt-btn-wrap-0\"><a class=\"kt-button button kt-btn-0-action kt-btn-size-standard kt-btn-style-basic kt-btn-svg-show-always kt-btn-has-text-true kt-btn-has-svg-false\" href=\"https:\/\/www.enars.com.tr\/?portfolio=izgaralar\"><span class=\"kt-btn-inner-text\">Detay<\/span><\/a><\/div><\/div>\n<\/div><\/div><\/div>\n\n\n\n<div class=\"wp-block-kadence-pane kt-accordion-pane kt-accordion-pane-14 kt-pane_9203b1-fa\"><div class=\"kt-accordion-header-wrap\"><button class=\"kt-blocks-accordion-header kt-acccordion-button-label-show\"><span class=\"kt-blocks-accordion-title-wrap\"><span class=\"kt-blocks-accordion-title\">Blower<\/span><\/span><span class=\"kt-blocks-accordion-icon-trigger\"><\/span><\/button><\/div><div class=\"kt-accordion-panel\"><div class=\"kt-accordion-panel-inner\"><style id=\"kb-rowlayout_94fddd-5a\">@media all and (min-width: 768px){#kt-layout-id_94fddd-5a > .kt-row-column-wrap > .inner-column-1{flex:0 1 35%;-webkit-flex:0 1 35%;}#kt-layout-id_94fddd-5a > .kt-row-column-wrap > .inner-column-2{flex:0 1 65%;-webkit-flex:0 1 65%;}}#kt-layout-id_94fddd-5a > .kt-row-column-wrap{padding-top:0px;padding-bottom:0px;}<\/style>\n<div class=\"wp-block-kadence-rowlayout aligncenter\"><div id=\"kt-layout-id_94fddd-5a\" class=\"kt-row-layout-inner kt-layout-id_94fddd-5a\"><div class=\"kt-row-column-wrap kt-has-2-columns kt-gutter-wider kt-v-gutter-default kt-row-valign-top kt-row-layout-equal kt-tab-layout-inherit kt-m-colapse-left-to-right kt-mobile-layout-row  kt-custom-first-width-35  kt-custom-second-width-65\">\n<div class=\"wp-block-kadence-column inner-column-1 kadence-column_f3d4b7-a7\"><div class=\"kt-inside-inner-col\"><div class=\"wp-block-image\">\n<figure class=\"aligncenter size-full\"><img loading=\"lazy\" width=\"225\" height=\"225\" src=\"https:\/\/www.enars.com.tr\/wp-content\/uploads\/2021\/04\/indir.jpg\" alt=\"\" class=\"wp-image-1666\" srcset=\"https:\/\/www.enars.com.tr\/wp-content\/uploads\/2021\/04\/indir.jpg 225w, https:\/\/www.enars.com.tr\/wp-content\/uploads\/2021\/04\/indir-100x100.jpg 100w, https:\/\/www.enars.com.tr\/wp-content\/uploads\/2021\/04\/indir-150x150.jpg 150w\" sizes=\"(max-width: 225px) 100vw, 225px\" \/><\/figure><\/div><\/div><\/div>\n\n\n\n<div class=\"wp-block-kadence-column inner-column-2 kadence-column_970dd5-66\"><div class=\"kt-inside-inner-col\">\n<p><strong>At\u0131ksu Ar\u0131tma Tesislerinde Blower\u2019\u0131n Rol\u00fc<\/strong><\/p>\n\n\n\n<p>At\u0131ksu ar\u0131tma tesislerinde blower (hava \u00fcfleyici), suyun biyolojik ar\u0131tma s\u00fcrecinde kritik bir ekipmand\u0131r. Blowerlar, \u00f6zellikle aerobik biyolojik ar\u0131tma s\u00fcre\u00e7lerinde mikroorganizmalar\u0131n aktif bir \u015fekilde \u00e7al\u0131\u015fabilmesi i\u00e7in gerekli olan oksijeni temin eder.<\/p>\n<\/div><\/div>\n<\/div><\/div><\/div>\n\n\n<style id=\"kb-advancedbtn_0d544c-43\">.kt-btns_0d544c-43 .kt-btn-wrap-0{margin-right:5px;}.rtl .kt-btns_0d544c-43 .kt-btn-wrap-0{margin-left:5px;margin-right:0px;}.wp-block-kadence-advancedbtn.kt-btns_0d544c-43 .kt-btn-wrap-0 .kt-button{color:#555555;border-color:#555555;}.wp-block-kadence-advancedbtn.kt-btns_0d544c-43 .kt-btn-wrap-0 .kt-button:hover, .wp-block-kadence-advancedbtn.kt-btns_0d544c-43 .kt-btn-wrap-0 .kt-button:focus{color:#ffffff;border-color:#444444;}.wp-block-kadence-advancedbtn.kt-btns_0d544c-43 .kt-btn-wrap-0 .kt-button::before{display:none;}.wp-block-kadence-advancedbtn.kt-btns_0d544c-43 .kt-btn-wrap-0 .kt-button:hover, .wp-block-kadence-advancedbtn.kt-btns_0d544c-43 .kt-btn-wrap-0 .kt-button:focus{background:#444444;}<\/style>\n<div class=\"wp-block-kadence-advancedbtn kt-btn-align-center kt-btn-tablet-align-inherit kt-btn-mobile-align-inherit kt-btns-wrap kt-btns_0d544c-43 kt-force-btn-fullwidth\"><div class=\"kt-btn-wrap kt-btn-wrap-0\"><a class=\"kt-button button kt-btn-0-action kt-btn-size-standard kt-btn-style-basic kt-btn-svg-show-always kt-btn-has-text-true kt-btn-has-svg-false\" href=\"https:\/\/www.enars.com.tr\/?portfolio=blower\"><span class=\"kt-btn-inner-text\">Detay<\/span><\/a><\/div><\/div>\n<\/div><\/div><\/div>\n\n\n\n<div class=\"wp-block-kadence-pane kt-accordion-pane kt-accordion-pane-15 kt-pane_01eb1f-31\"><div class=\"kt-accordion-header-wrap\"><button class=\"kt-blocks-accordion-header kt-acccordion-button-label-show\"><span class=\"kt-blocks-accordion-title-wrap\"><span class=\"kt-blocks-accordion-title\">DAF<\/span><\/span><span class=\"kt-blocks-accordion-icon-trigger\"><\/span><\/button><\/div><div class=\"kt-accordion-panel\"><div class=\"kt-accordion-panel-inner\"><div class=\"wp-block-image\">\n<figure class=\"alignleft size-large is-resized\"><img loading=\"lazy\" src=\"https:\/\/www.enars.com.tr\/wp-content\/uploads\/2022\/06\/daf-768x1024.jpg\" alt=\"\" class=\"wp-image-2148\" width=\"192\" height=\"256\" srcset=\"https:\/\/www.enars.com.tr\/wp-content\/uploads\/2022\/06\/daf-768x1024.jpg 768w, https:\/\/www.enars.com.tr\/wp-content\/uploads\/2022\/06\/daf-225x300.jpg 225w, https:\/\/www.enars.com.tr\/wp-content\/uploads\/2022\/06\/daf-1152x1536.jpg 1152w, https:\/\/www.enars.com.tr\/wp-content\/uploads\/2022\/06\/daf-1536x2048.jpg 1536w, https:\/\/www.enars.com.tr\/wp-content\/uploads\/2022\/06\/daf-600x800.jpg 600w, https:\/\/www.enars.com.tr\/wp-content\/uploads\/2022\/06\/daf-scaled-676x900.jpg 676w, https:\/\/www.enars.com.tr\/wp-content\/uploads\/2022\/06\/daf-scaled-338x450.jpg 338w, https:\/\/www.enars.com.tr\/wp-content\/uploads\/2022\/06\/daf-scaled.jpg 1920w\" sizes=\"(max-width: 192px) 100vw, 192px\" \/><\/figure><\/div>\n\n\n<p>\u00a0\u00a0\u00a0\u00a0\u00a0\u00a0\u00a0\u00a0\u00a0\u00a0\u00a0 <strong>Neden DAF Sistemi Tercih Edilmeli?<\/strong><\/p>\n\n\n\n<p>      DAF, \u00f6zellikle y\u00fcksek organik madde y\u00fck\u00fc ve ya\u011fl\u0131 at\u0131klar bulunan tesislerde tercih edilen bir sistemdir. At\u0131ksu ar\u0131tma s\u00fcre\u00e7lerini h\u0131zland\u0131r\u0131r, verimlili\u011fi art\u0131r\u0131r ve \u00e7evresel etkileri en aza indirir. Enars End\u00fcstriyel Ar\u0131tma Sistemleri olarak, DAF sistemlerini kullanarak tesislerinizi daha verimli, \u00e7evre dostu ve s\u00fcrd\u00fcr\u00fclebilir hale getiriyoruz.<\/p>\n\n\n\n<p><\/p>\n\n\n\n<p><\/p>\n\n\n<style id=\"kb-advancedbtn_3965fc-31\">.kt-btns_3965fc-31 .kt-btn-wrap-0{margin-right:5px;}.rtl .kt-btns_3965fc-31 .kt-btn-wrap-0{margin-left:5px;margin-right:0px;}.wp-block-kadence-advancedbtn.kt-btns_3965fc-31 .kt-btn-wrap-0 .kt-button{color:#555555;border-color:#555555;}.wp-block-kadence-advancedbtn.kt-btns_3965fc-31 .kt-btn-wrap-0 .kt-button:hover, .wp-block-kadence-advancedbtn.kt-btns_3965fc-31 .kt-btn-wrap-0 .kt-button:focus{color:#ffffff;border-color:#444444;}.wp-block-kadence-advancedbtn.kt-btns_3965fc-31 .kt-btn-wrap-0 .kt-button::before{display:none;}.wp-block-kadence-advancedbtn.kt-btns_3965fc-31 .kt-btn-wrap-0 .kt-button:hover, .wp-block-kadence-advancedbtn.kt-btns_3965fc-31 .kt-btn-wrap-0 .kt-button:focus{background:#444444;}<\/style>\n<div class=\"wp-block-kadence-advancedbtn kt-btn-align-center kt-btn-tablet-align-inherit kt-btn-mobile-align-inherit kt-btns-wrap kt-btns_3965fc-31 kt-force-btn-fullwidth\"><div class=\"kt-btn-wrap kt-btn-wrap-0\"><a class=\"kt-button button kt-btn-0-action kt-btn-size-standard kt-btn-style-basic kt-btn-svg-show-always kt-btn-has-text-true kt-btn-has-svg-false\" href=\"https:\/\/www.enars.com.tr\/?portfolio=daf\"><span class=\"kt-btn-inner-text\">Detay<\/span><\/a><\/div><\/div>\n<\/div><\/div><\/div>\n\n\n\n<div class=\"wp-block-kadence-pane kt-accordion-pane kt-accordion-pane-16 kt-pane_e26ffd-bc\"><div class=\"kt-accordion-header-wrap\"><button class=\"kt-blocks-accordion-header kt-acccordion-button-label-show\"><span class=\"kt-blocks-accordion-title-wrap\"><span class=\"kt-blocks-accordion-title\">Ya\u011f Tutucu<\/span><\/span><span class=\"kt-blocks-accordion-icon-trigger\"><\/span><\/button><\/div><div class=\"kt-accordion-panel\"><div class=\"kt-accordion-panel-inner\"><\/div><\/div><\/div>\n\n\n\n<div class=\"wp-block-kadence-pane kt-accordion-pane kt-accordion-pane-17 kt-pane_20958a-e8\"><div class=\"kt-accordion-header-wrap\"><button class=\"kt-blocks-accordion-header kt-acccordion-button-label-show\"><span class=\"kt-blocks-accordion-title-wrap\"><span class=\"kt-blocks-accordion-title\">Dfiz\u00f6r<\/span><\/span><span class=\"kt-blocks-accordion-icon-trigger\"><\/span><\/button><\/div><div class=\"kt-accordion-panel\"><div class=\"kt-accordion-panel-inner\"><\/div><\/div><\/div>\n\n\n\n<div class=\"wp-block-kadence-pane kt-accordion-pane kt-accordion-pane-18 kt-pane_401b4a-24\"><div class=\"kt-accordion-header-wrap\"><button class=\"kt-blocks-accordion-header kt-acccordion-button-label-show\"><span class=\"kt-blocks-accordion-title-wrap\"><span class=\"kt-blocks-accordion-title\">Pompa-Motor<\/span><\/span><span class=\"kt-blocks-accordion-icon-trigger\"><\/span><\/button><\/div><div class=\"kt-accordion-panel\"><div class=\"kt-accordion-panel-inner\"><\/div><\/div><\/div>\n\n\n\n<div class=\"wp-block-kadence-pane kt-accordion-pane kt-accordion-pane-19 kt-pane_e1efe6-42\"><div class=\"kt-accordion-header-wrap\"><button class=\"kt-blocks-accordion-header kt-acccordion-button-label-show\"><span class=\"kt-blocks-accordion-title-wrap\"><span class=\"kt-blocks-accordion-title\">Otomasyon ve Kontrol Sistemleri<\/span><\/span><span class=\"kt-blocks-accordion-icon-trigger\"><\/span><\/button><\/div><div class=\"kt-accordion-panel\"><div class=\"kt-accordion-panel-inner\"><\/div><\/div><\/div>\n\n\n\n<div class=\"wp-block-kadence-pane kt-accordion-pane kt-accordion-pane-20 kt-pane_74eca1-cc\"><div class=\"kt-accordion-header-wrap\"><button class=\"kt-blocks-accordion-header kt-acccordion-button-label-show\"><span class=\"kt-blocks-accordion-title-wrap\"><span class=\"kt-blocks-accordion-title\">Kum Tutucu<\/span><\/span><span class=\"kt-blocks-accordion-icon-trigger\"><\/span><\/button><\/div><div class=\"kt-accordion-panel\"><div class=\"kt-accordion-panel-inner\"><\/div><\/div><\/div>\n\n\n\n<div class=\"wp-block-kadence-pane kt-accordion-pane kt-accordion-pane-21 kt-pane_8da60d-30\"><div class=\"kt-accordion-header-wrap\"><button class=\"kt-blocks-accordion-header kt-acccordion-button-label-show\"><span class=\"kt-blocks-accordion-title-wrap\"><span class=\"kt-blocks-accordion-title\">Aktif Karbon ve Re\u00e7ine Sistemleri<\/span><\/span><span class=\"kt-blocks-accordion-icon-trigger\"><\/span><\/button><\/div><div class=\"kt-accordion-panel\"><div class=\"kt-accordion-panel-inner\"><\/div><\/div><\/div>\n<\/div><\/div><\/div>\n<\/div><\/div>\n<\/div><\/div><\/div>\n","protected":false},"excerpt":{"rendered":"","protected":false},"author":1,"featured_media":0,"parent":0,"menu_order":0,"comment_status":"closed","ping_status":"closed","template":"","meta":{"kt_blocks_editor_width":""},"_links":{"self":[{"href":"https:\/\/www.enars.com.tr\/index.php?rest_route=\/wp\/v2\/pages\/1525"}],"collection":[{"href":"https:\/\/www.enars.com.tr\/index.php?rest_route=\/wp\/v2\/pages"}],"about":[{"href":"https:\/\/www.enars.com.tr\/index.php?rest_route=\/wp\/v2\/types\/page"}],"author":[{"embeddable":true,"href":"https:\/\/www.enars.com.tr\/index.php?rest_route=\/wp\/v2\/users\/1"}],"replies":[{"embeddable":true,"href":"https:\/\/www.enars.com.tr\/index.php?rest_route=%2Fwp%2Fv2%2Fcomments&post=1525"}],"version-history":[{"count":6,"href":"https:\/\/www.enars.com.tr\/index.php?rest_route=\/wp\/v2\/pages\/1525\/revisions"}],"predecessor-version":[{"id":2213,"href":"https:\/\/www.enars.com.tr\/index.php?rest_route=\/wp\/v2\/pages\/1525\/revisions\/2213"}],"wp:attachment":[{"href":"https:\/\/www.enars.com.tr\/index.php?rest_route=%2Fwp%2Fv2%2Fmedia&parent=1525"}],"curies":[{"name":"wp","href":"https:\/\/api.w.org\/{rel}","templated":true}]}}