{"id":1517,"date":"2021-04-12T12:29:21","date_gmt":"2021-04-12T12:29:21","guid":{"rendered":"http:\/\/www.enars.com.tr\/?page_id=1517"},"modified":"2025-04-05T07:35:38","modified_gmt":"2025-04-05T07:35:38","slug":"acma-ruhsati","status":"publish","type":"page","link":"https:\/\/www.enars.com.tr\/?page_id=1517","title":{"rendered":"\u00c7evre Dan\u0131\u015fmanl\u0131\u011f\u0131"},"content":{"rendered":"\n<p><strong>\u00c7evre Dan\u0131\u015fmanl\u0131\u011f\u0131 Hizmetleri<\/strong><\/p>\n\n\n\n<p><strong>&nbsp;&nbsp;&nbsp;&nbsp;&nbsp;&nbsp;&nbsp;&nbsp;&nbsp;&nbsp;&nbsp; Enars End\u00fcstriyel Ar\u0131tma Sistemleri<\/strong> olarak, \u00e7evre dostu \u00e7\u00f6z\u00fcmler geli\u015ftirmek ve i\u015fletmelerin \u00e7evre mevzuatlar\u0131na uyum sa\u011flamalar\u0131n\u0131 sa\u011flamak i\u00e7in kapsaml\u0131 \u00e7evre dan\u0131\u015fmanl\u0131\u011f\u0131 hizmetleri sunmaktay\u0131z. \u00c7evre koruma, at\u0131ksu y\u00f6netimi, hava kalitesi, at\u0131k y\u00f6netimi gibi alanlarda uzman ekibimizle, \u00e7evresel etkiyi minimize etmek ve s\u00fcrd\u00fcr\u00fclebilir bir i\u015fleyi\u015f sa\u011flamak amac\u0131yla firmalar\u0131m\u0131za dan\u0131\u015fmanl\u0131k hizmeti vermekteyiz.<\/p>\n\n\n\n<p><strong>Uymam\u0131z Gereken Y\u00f6netmelikler Nelerdir?<\/strong><\/p>\n\n\n\n<p>&nbsp;&nbsp;&nbsp;&nbsp;&nbsp;&nbsp;&nbsp;&nbsp;&nbsp;&nbsp;&nbsp; \u00c7evre y\u00f6netmelikleri, \u00e7evre koruma ve s\u00fcrd\u00fcr\u00fclebilirlik ilkelerine uygun bir i\u015fletme s\u00fcre\u00e7lerinin olu\u015fturulmas\u0131n\u0131 sa\u011flamak amac\u0131yla \u00e7ok \u00f6nemli bir rol oynamaktad\u0131r. Bu ba\u011flamda uymam\u0131z gereken temel y\u00f6netmelikler \u015funlard\u0131r:<\/p>\n\n\n\n<ul style=\"font-size:15px\"><li><strong>\u00c7evre Kanunu ve Y\u00f6netmelikleri<\/strong>: \u00c7evre Kanunu, t\u00fcm \u00e7evresel faaliyetlerin temel dayana\u011f\u0131n\u0131 olu\u015fturur ve su, hava, toprak gibi do\u011fal kaynaklar\u0131n korunmas\u0131n\u0131 hedefler. Buna ba\u011fl\u0131 olarak \u00e7\u0131kan y\u00f6netmelikler, at\u0131k y\u00f6netimi, su kirlili\u011fi kontrol\u00fc ve hava kirlili\u011fi gibi \u00e7e\u015fitli alanlarda uygulanmaktad\u0131r.<\/li><li><strong>Su Kirlili\u011fi Kontrol\u00fc Y\u00f6netmeli\u011fi (SKKY)<\/strong>: At\u0131ksu ar\u0131tma s\u00fcre\u00e7lerinin d\u00fczenlenmesinde en temel y\u00f6netmeliktir. Bu y\u00f6netmelik, at\u0131ksu de\u015farjlar\u0131 ile ilgili limit de\u011ferleri belirler ve firmalar\u0131n at\u0131klar\u0131n\u0131 bu limitlere uygun \u015fekilde ar\u0131tmas\u0131n\u0131 sa\u011flar.<\/li><li><strong>Hava Kalitesi Y\u00f6netmeli\u011fi<\/strong>: Hava kirlili\u011fini \u00f6nlemek amac\u0131yla yap\u0131lan d\u00fczenlemelerdir. Fabrikalar ve sanayi tesisleri, atmosfere sal\u0131nan zararl\u0131 gazlar\u0131 kontrol etmek ve azaltmak i\u00e7in bu y\u00f6netmeli\u011fe uymal\u0131d\u0131r.<\/li><li><strong>At\u0131k Y\u00f6netimi Y\u00f6netmeli\u011fi<\/strong>: Sanayi i\u015fletmelerinin \u00fcretti\u011fi at\u0131klar\u0131n y\u00f6netimi ve bertaraf edilmesi konusunda d\u00fczenlemeler i\u00e7erir. At\u0131klar\u0131n geri d\u00f6n\u00fc\u015f\u00fcm\u00fcn\u00fc sa\u011flamak ve \u00e7evreye zarar vermeden bertaraf\u0131n\u0131 ger\u00e7ekle\u015ftirmek i\u00e7in bu y\u00f6netmeliklere uyulmal\u0131d\u0131r.<\/li><li><strong>G\u00fcr\u00fclt\u00fc Kirlili\u011fi Kontrol\u00fc Y\u00f6netmeli\u011fi<\/strong>: \u00c7evreye zarar veren g\u00fcr\u00fclt\u00fc kirlili\u011fini \u00f6nlemek i\u00e7in i\u015fletmelerin almas\u0131 gereken \u00f6nlemleri belirler.<\/li><\/ul>\n\n\n\n<p><strong>Al\u0131nmas\u0131 Gereken \u0130zinler Nelerdir?<\/strong><\/p>\n\n\n\n<p>&nbsp;&nbsp;&nbsp;&nbsp;&nbsp;&nbsp;&nbsp;&nbsp;&nbsp;&nbsp;&nbsp; \u00c7evreye y\u00f6nelik faaliyetlerinizi s\u00fcrd\u00fcr\u00fclebilir bir \u015fekilde y\u00fcr\u00fctebilmek i\u00e7in alman\u0131z gereken baz\u0131 \u00f6nemli izinler de bulunmaktad\u0131r. Bu izinler, faaliyetlerinizi \u00e7evre mevzuat\u0131na uygun \u015fekilde yapabilmeniz i\u00e7in gereklidir:<\/p>\n\n\n\n<ul style=\"font-size:15px\"><li><strong>\u00c7evresel Etki De\u011ferlendirme (\u00c7ED) Raporu<\/strong>: Yeni bir proje veya tesis kurulumunda, \u00e7evreye olan etkilerinin analiz edilmesi gerekir. \u00c7ED raporu, bu etkilere kar\u015f\u0131 al\u0131nacak \u00f6nlemleri belirler. \u00c7ED raporu, \u00e7evresel etkileri minimize etmek i\u00e7in \u00f6nemli bir ad\u0131md\u0131r.<\/li><li><strong>At\u0131k \u0130zin Belgesi<\/strong>: At\u0131k \u00fcretimi yapan tesislerin, at\u0131klar\u0131n\u0131n nas\u0131l y\u00f6netilece\u011fine dair belirli izinlere sahip olmas\u0131 gerekir. Bu belge, at\u0131klar\u0131n toplanmas\u0131, ta\u015f\u0131nmas\u0131 ve bertaraf\u0131 s\u00fcre\u00e7lerinin yasal d\u00fczenlemelere uygun oldu\u011funu garanti eder.<\/li><li><strong>Hava Kirlili\u011fi \u0130zin Belgesi<\/strong>: Hava kirlili\u011fi emisyonlar\u0131 yapan i\u015fletmelerin, atmosfere zararl\u0131 gazlar sal\u0131n\u0131m\u0131n\u0131 kontrol edebilmesi i\u00e7in belirli izinlere sahip olmas\u0131 gerekir. Bu belge, sal\u0131n\u0131m miktarlar\u0131n\u0131n yasal limitlerin alt\u0131nda oldu\u011funu g\u00f6sterir.<\/li><li><strong>At\u0131ksu De\u015farj \u0130zin Belgesi<\/strong>: Su kaynaklar\u0131na at\u0131k su de\u015farj\u0131 yapacak i\u015fletmelerin, de\u015farjlar\u0131n \u00e7evreye zararl\u0131 olmamas\u0131n\u0131 sa\u011flamak i\u00e7in bu izni almalar\u0131 gerekmektedir.<\/li><li><strong>G\u00fcr\u00fclt\u00fc \u0130zin Belgesi<\/strong>: Sanayi tesisleri ve fabrikalar\u0131n, faaliyetleri nedeniyle g\u00fcr\u00fclt\u00fc seviyelerinin belirli limitlerin \u00fczerinde olmamas\u0131 i\u00e7in al\u0131nmas\u0131 gereken izinlerdir.<\/li><\/ul>\n\n\n\n<p><strong>Kimler \u00e7evre dan\u0131\u015fmanl\u0131\u011f\u0131 hizmeti almal\u0131? \u00c7evre dan\u0131\u015fmanl\u0131k hizmeti alma zorunlulu\u011fum var m\u0131? \u00c7evre dan\u0131\u015fmanl\u0131k hizmeti alma zorunlulu\u011fu olan firmalar?<\/strong><\/p>\n\n\n\n<p>&nbsp;&nbsp;&nbsp;&nbsp;&nbsp;&nbsp;&nbsp;&nbsp;&nbsp;&nbsp;&nbsp; \u00c7evre \u0130zin ve Lisanslar\u0131 y\u00f6netmeli\u011finin ek-1 ve ek-2 listesindeki i\u015f tan\u0131mlar\u0131na sahip tesisler\/i\u015fletmeler ayda en az 1 kez \u00e7evre dan\u0131\u015fmanl\u0131k hizmeti almas\u0131 zorundad\u0131r. Bu dan\u0131\u015fmanl\u0131k hizmetleri Bakanl\u0131k\u00e7a yetkili firmalarca taraf\u0131ndan yap\u0131lmal\u0131d\u0131r. Bu tesislere k\u0131saca, kapsam dahilindeki tesisler de denilmektediler.<\/p>\n\n\n\n<p><strong>\u00c7evre iznine tabi olmayan i\u015fletmeler ne yapmal\u0131lar?(kapsam d\u0131\u015f\u0131 tesisler) \u00c7evre dan\u0131\u015fman\u0131 almak zorunda m\u0131d\u0131r?<\/strong><\/p>\n\n\n\n<p>&nbsp;&nbsp;&nbsp;&nbsp;&nbsp;&nbsp;&nbsp;&nbsp;&nbsp;&nbsp;&nbsp; Ayr\u0131ca kapsam d\u0131\u015f\u0131 tesisler de bulunmaktad\u0131r. Bu kapsam d\u0131\u015f\u0131 tesislerin de at\u0131k y\u00f6netimi, hava kirlili\u011fi y\u00f6netimi ve su kirli\u011fi y\u00f6netimi ad\u0131na y\u00fck\u00fcml\u00fcl\u00fckleri devam etmektedir. B\u00fct\u00fcn end\u00fcstriyel tesisler(kapsam dahili yada kapsam d\u0131\u015f\u0131) yasal \u00e7evre uyum denetim kontrol\u00fc a\u00e7\u0131s\u0131ndan ayl\u0131k olarak yada belli aral\u0131klarla dan\u0131\u015fmanl\u0131k firmas\u0131ndan profesyonel \u00e7evre y\u00f6netim hizmetini almay\u0131 tercih etmektedirler.<\/p>\n\n\n\n<p><strong>Neden \u00c7evre Dan\u0131\u015fmanl\u0131\u011f\u0131 Almal\u0131s\u0131n\u0131z?<\/strong><\/p>\n\n\n\n<p>&nbsp;&nbsp;&nbsp;&nbsp;&nbsp;&nbsp;&nbsp;&nbsp;&nbsp;&nbsp;&nbsp; \u00c7evre dan\u0131\u015fmanl\u0131\u011f\u0131, i\u015fletmenizin \u00e7evre y\u00f6netmeliklerine tam uyum sa\u011flamas\u0131n\u0131, \u00e7evreye olan olumsuz etkilerinizi minimize etmenizi ve yasal d\u00fczenlemelere uygun bir \u015fekilde faaliyetlerinizi s\u00fcrd\u00fcrmenizi sa\u011flar. <strong>Enars End\u00fcstriyel Ar\u0131tma Sistemleri<\/strong> olarak, \u00e7evre y\u00f6netimi konusunda uzman ekibimizle her ad\u0131mda yan\u0131n\u0131zday\u0131z. Firmam\u0131z, t\u00fcm gerekli izinlerin al\u0131nmas\u0131, \u00e7evresel etki de\u011ferlendirmelerinin yap\u0131lmas\u0131 ve mevzuatlara uygunluk sa\u011flanmas\u0131 konusunda size rehberlik etmektedir.<\/p>\n","protected":false},"excerpt":{"rendered":"<p>\u00c7evre Dan\u0131\u015fmanl\u0131\u011f\u0131 Hizmetleri &nbsp;&nbsp;&nbsp;&nbsp;&nbsp;&nbsp;&nbsp;&nbsp;&nbsp;&nbsp;&nbsp; Enars End\u00fcstriyel Ar\u0131tma Sistemleri olarak, \u00e7evre dostu \u00e7\u00f6z\u00fcmler geli\u015ftirmek ve i\u015fletmelerin \u00e7evre mevzuatlar\u0131na uyum sa\u011flamalar\u0131n\u0131 sa\u011flamak i\u00e7in kapsaml\u0131 \u00e7evre dan\u0131\u015fmanl\u0131\u011f\u0131 hizmetleri sunmaktay\u0131z. \u00c7evre koruma, at\u0131ksu y\u00f6netimi, hava kalitesi, at\u0131k y\u00f6netimi gibi alanlarda uzman ekibimizle, \u00e7evresel etkiyi &hellip; <a href=\"https:\/\/www.enars.com.tr\/?page_id=1517\">Devam\u0131<\/a><\/p>\n","protected":false},"author":1,"featured_media":0,"parent":0,"menu_order":0,"comment_status":"closed","ping_status":"closed","template":"","meta":{"kt_blocks_editor_width":""},"_links":{"self":[{"href":"https:\/\/www.enars.com.tr\/index.php?rest_route=\/wp\/v2\/pages\/1517"}],"collection":[{"href":"https:\/\/www.enars.com.tr\/index.php?rest_route=\/wp\/v2\/pages"}],"about":[{"href":"https:\/\/www.enars.com.tr\/index.php?rest_route=\/wp\/v2\/types\/page"}],"author":[{"embeddable":true,"href":"https:\/\/www.enars.com.tr\/index.php?rest_route=\/wp\/v2\/users\/1"}],"replies":[{"embeddable":true,"href":"https:\/\/www.enars.com.tr\/index.php?rest_route=%2Fwp%2Fv2%2Fcomments&post=1517"}],"version-history":[{"count":3,"href":"https:\/\/www.enars.com.tr\/index.php?rest_route=\/wp\/v2\/pages\/1517\/revisions"}],"predecessor-version":[{"id":2071,"href":"https:\/\/www.enars.com.tr\/index.php?rest_route=\/wp\/v2\/pages\/1517\/revisions\/2071"}],"wp:attachment":[{"href":"https:\/\/www.enars.com.tr\/index.php?rest_route=%2Fwp%2Fv2%2Fmedia&parent=1517"}],"curies":[{"name":"wp","href":"https:\/\/api.w.org\/{rel}","templated":true}]}}