{"id":1516,"date":"2021-04-12T12:29:21","date_gmt":"2021-04-12T12:29:21","guid":{"rendered":"http:\/\/www.enars.com.tr\/?page_id=1516"},"modified":"2025-04-16T11:48:18","modified_gmt":"2025-04-16T11:48:18","slug":"aritma-tesisi-isletim-danismanligi","status":"publish","type":"page","link":"https:\/\/www.enars.com.tr\/?page_id=1516","title":{"rendered":"Ar\u0131tma Tesisi \u0130\u015fletim Dan\u0131\u015fmanl\u0131\u011f\u0131"},"content":{"rendered":"<style id=\"kb-advancedgallery_b3590c-72\">.wp-block-kadence-advancedgallery.kb-gallery-wrap-id-_b3590c-72 {margin:0px 0px 0px 0px;}.kb-gallery-id-_b3590c-72 .kadence-blocks-gallery-item .kb-gal-image-radius {border-radius: 30px 30px 30px 30px;}<\/style>\n<div class=\"wp-block-kadence-advancedgallery kb-gallery-wrap-id-_b3590c-72\"><div class=\"kb-gallery-ul kb-gallery-type-slider kb-gallery-id-_b3590c-72 kb-gallery-caption-style-bottom-hover kb-gallery-filter-none\" data-image-filter=\"none\" data-lightbox-caption=\"true\"><div class=\"kt-blocks-carousel kt-carousel-container-dotstyle-outlinedark\"><div class=\"kt-blocks-carousel-init kb-blocks-slider kt-carousel-arrowstyle-whiteondark kt-carousel-dotstyle-outlinedark\" data-slider-anim-speed=\"410\" data-slider-type=\"slider\" data-slider-scroll=\"1\" data-slider-arrows=\"true\" data-slider-dots=\"true\" data-slider-hover-pause=\"false\" data-slider-auto=\"true\" data-slider-speed=\"2530\"><div class=\"kb-slide-item kb-gallery-slide-item\"><div class=\"kadence-blocks-gallery-item\"><div class=\"kadence-blocks-gallery-item-inner\"><figure class=\"kb-gallery-figure kadence-blocks-gallery-item-hide-caption kb-has-image-ratio-land32\"><div class=\"kb-gal-image-radius\"><div class=\"kb-gallery-image-contain kadence-blocks-gallery-intrinsic kb-gallery-image-ratio-land32\"><img loading=\"lazy\" src=\"https:\/\/www.enars.com.tr\/wp-content\/uploads\/2025\/04\/20131224_114733-1024x768.jpg\" width=\"1024\" height=\"768\" data-full-image=\"https:\/\/www.enars.com.tr\/wp-content\/uploads\/2025\/04\/20131224_114733-scaled.jpg\" data-light-image=\"https:\/\/www.enars.com.tr\/wp-content\/uploads\/2025\/04\/20131224_114733-scaled.jpg\" data-id=\"2063\" data-link=\"https:\/\/www.enars.com.tr\/?attachment_id=2063\" data-custom-link=\"\" data-custom-link-target=\"\" data-sponsored=\"\" class=\"wp-image-2063 skip-lazy\" srcset=\"https:\/\/www.enars.com.tr\/wp-content\/uploads\/2025\/04\/20131224_114733-1024x768.jpg 1024w, https:\/\/www.enars.com.tr\/wp-content\/uploads\/2025\/04\/20131224_114733-300x225.jpg 300w, https:\/\/www.enars.com.tr\/wp-content\/uploads\/2025\/04\/20131224_114733-768x576.jpg 768w, https:\/\/www.enars.com.tr\/wp-content\/uploads\/2025\/04\/20131224_114733-1536x1152.jpg 1536w, https:\/\/www.enars.com.tr\/wp-content\/uploads\/2025\/04\/20131224_114733-2048x1536.jpg 2048w, https:\/\/www.enars.com.tr\/wp-content\/uploads\/2025\/04\/20131224_114733-600x450.jpg 600w\" sizes=\"(max-width: 1024px) 100vw, 1024px\" \/><\/div><\/div><\/figure><\/div><\/div><\/div><div class=\"kb-slide-item kb-gallery-slide-item\"><div class=\"kadence-blocks-gallery-item\"><div class=\"kadence-blocks-gallery-item-inner\"><figure class=\"kb-gallery-figure kadence-blocks-gallery-item-hide-caption kb-has-image-ratio-land32\"><div class=\"kb-gal-image-radius\"><div class=\"kb-gallery-image-contain kadence-blocks-gallery-intrinsic kb-gallery-image-ratio-land32\"><img loading=\"lazy\" src=\"https:\/\/www.enars.com.tr\/wp-content\/uploads\/2025\/04\/IMG_20210304_170614-1024x576.jpg\" width=\"1024\" height=\"576\" data-full-image=\"https:\/\/www.enars.com.tr\/wp-content\/uploads\/2025\/04\/IMG_20210304_170614-scaled.jpg\" data-light-image=\"https:\/\/www.enars.com.tr\/wp-content\/uploads\/2025\/04\/IMG_20210304_170614-scaled.jpg\" data-id=\"2065\" data-link=\"https:\/\/www.enars.com.tr\/?attachment_id=2065\" data-custom-link=\"\" data-custom-link-target=\"\" data-sponsored=\"\" class=\"wp-image-2065 skip-lazy\" srcset=\"https:\/\/www.enars.com.tr\/wp-content\/uploads\/2025\/04\/IMG_20210304_170614-1024x576.jpg 1024w, https:\/\/www.enars.com.tr\/wp-content\/uploads\/2025\/04\/IMG_20210304_170614-300x169.jpg 300w, https:\/\/www.enars.com.tr\/wp-content\/uploads\/2025\/04\/IMG_20210304_170614-768x432.jpg 768w, https:\/\/www.enars.com.tr\/wp-content\/uploads\/2025\/04\/IMG_20210304_170614-1536x864.jpg 1536w, https:\/\/www.enars.com.tr\/wp-content\/uploads\/2025\/04\/IMG_20210304_170614-2048x1152.jpg 2048w, https:\/\/www.enars.com.tr\/wp-content\/uploads\/2025\/04\/IMG_20210304_170614-600x338.jpg 600w\" sizes=\"(max-width: 1024px) 100vw, 1024px\" \/><\/div><\/div><\/figure><\/div><\/div><\/div><div class=\"kb-slide-item kb-gallery-slide-item\"><div class=\"kadence-blocks-gallery-item\"><div class=\"kadence-blocks-gallery-item-inner\"><figure class=\"kb-gallery-figure kadence-blocks-gallery-item-hide-caption kb-has-image-ratio-land32\"><div class=\"kb-gal-image-radius\"><div class=\"kb-gallery-image-contain kadence-blocks-gallery-intrinsic kb-gallery-image-ratio-land32\"><img loading=\"lazy\" src=\"https:\/\/www.enars.com.tr\/wp-content\/uploads\/2025\/04\/WP_20131208_15_57_50_Pro-1024x576.jpg\" width=\"1024\" height=\"576\" data-full-image=\"https:\/\/www.enars.com.tr\/wp-content\/uploads\/2025\/04\/WP_20131208_15_57_50_Pro-scaled.jpg\" data-light-image=\"https:\/\/www.enars.com.tr\/wp-content\/uploads\/2025\/04\/WP_20131208_15_57_50_Pro-scaled.jpg\" data-id=\"2066\" data-link=\"https:\/\/www.enars.com.tr\/?attachment_id=2066\" data-custom-link=\"\" data-custom-link-target=\"\" data-sponsored=\"\" class=\"wp-image-2066 skip-lazy\" srcset=\"https:\/\/www.enars.com.tr\/wp-content\/uploads\/2025\/04\/WP_20131208_15_57_50_Pro-1024x576.jpg 1024w, https:\/\/www.enars.com.tr\/wp-content\/uploads\/2025\/04\/WP_20131208_15_57_50_Pro-300x169.jpg 300w, https:\/\/www.enars.com.tr\/wp-content\/uploads\/2025\/04\/WP_20131208_15_57_50_Pro-768x432.jpg 768w, https:\/\/www.enars.com.tr\/wp-content\/uploads\/2025\/04\/WP_20131208_15_57_50_Pro-1536x864.jpg 1536w, https:\/\/www.enars.com.tr\/wp-content\/uploads\/2025\/04\/WP_20131208_15_57_50_Pro-2048x1152.jpg 2048w, https:\/\/www.enars.com.tr\/wp-content\/uploads\/2025\/04\/WP_20131208_15_57_50_Pro-600x338.jpg 600w\" sizes=\"(max-width: 1024px) 100vw, 1024px\" \/><\/div><\/div><\/figure><\/div><\/div><\/div><div class=\"kb-slide-item kb-gallery-slide-item\"><div class=\"kadence-blocks-gallery-item\"><div class=\"kadence-blocks-gallery-item-inner\"><figure class=\"kb-gallery-figure kadence-blocks-gallery-item-hide-caption kb-has-image-ratio-land32\"><div class=\"kb-gal-image-radius\"><div class=\"kb-gallery-image-contain kadence-blocks-gallery-intrinsic kb-gallery-image-ratio-land32\"><img loading=\"lazy\" src=\"https:\/\/www.enars.com.tr\/wp-content\/uploads\/2025\/04\/IMG_20190822_093648-1024x576.jpg\" width=\"1024\" height=\"576\" data-full-image=\"https:\/\/www.enars.com.tr\/wp-content\/uploads\/2025\/04\/IMG_20190822_093648-scaled.jpg\" data-light-image=\"https:\/\/www.enars.com.tr\/wp-content\/uploads\/2025\/04\/IMG_20190822_093648-scaled.jpg\" data-id=\"2067\" data-link=\"https:\/\/www.enars.com.tr\/?attachment_id=2067\" data-custom-link=\"\" data-custom-link-target=\"\" data-sponsored=\"\" class=\"wp-image-2067 skip-lazy\" srcset=\"https:\/\/www.enars.com.tr\/wp-content\/uploads\/2025\/04\/IMG_20190822_093648-1024x576.jpg 1024w, https:\/\/www.enars.com.tr\/wp-content\/uploads\/2025\/04\/IMG_20190822_093648-300x169.jpg 300w, https:\/\/www.enars.com.tr\/wp-content\/uploads\/2025\/04\/IMG_20190822_093648-768x432.jpg 768w, https:\/\/www.enars.com.tr\/wp-content\/uploads\/2025\/04\/IMG_20190822_093648-1536x864.jpg 1536w, https:\/\/www.enars.com.tr\/wp-content\/uploads\/2025\/04\/IMG_20190822_093648-2048x1152.jpg 2048w, https:\/\/www.enars.com.tr\/wp-content\/uploads\/2025\/04\/IMG_20190822_093648-600x338.jpg 600w\" sizes=\"(max-width: 1024px) 100vw, 1024px\" \/><\/div><\/div><\/figure><\/div><\/div><\/div><\/div><\/div><\/div><\/div>\n\n\n\n<h3>Ar\u0131tma Tesisi Dan\u0131\u015fmanl\u0131k Hizmetleri<\/h3>\n\n\n\n<p><strong>&nbsp;&nbsp;&nbsp;&nbsp;&nbsp;&nbsp;&nbsp;&nbsp;&nbsp;&nbsp;&nbsp; Enars End\u00fcstriyel Ar\u0131tma Sistemleri<\/strong>, 2005 y\u0131l\u0131ndan itibaren at\u0131ksu ar\u0131tma tesisleri alan\u0131nda dan\u0131\u015fmanl\u0131k hizmeti sunmaktad\u0131r. Bilimsel, mant\u0131ksal ve yenilik\u00e7i bir yakla\u015f\u0131m benimseyerek, firmalar\u0131n ar\u0131tma s\u00fcre\u00e7lerini en verimli \u015fekilde y\u00f6netmelerine yard\u0131mc\u0131 olmaktad\u0131r.<\/p>\n\n\n\n<p>Hizmetlerimiz aras\u0131nda \u015funlar yer almaktad\u0131r:<\/p>\n\n\n\n<ul><li><strong>Ar\u0131tma Tesisi \u0130\u015fletmesi<\/strong>: Ar\u0131tma tesislerinin verimli ve s\u00fcrd\u00fcr\u00fclebilir \u015fekilde i\u015fletilmesi.<\/li><li><strong>Mevzuat Takibi ve Bilgilendirme<\/strong>: Firmalar\u0131n su ve at\u0131ksu y\u00f6netmeli\u011fi ile ilgili mevzuatlar\u0131 takip edilip, gerekli bilgilendirmelerin yap\u0131lmas\u0131.<\/li><li><strong>Yerinde Kontrol<\/strong>: \u0130htiya\u00e7 duyulmas\u0131 durumunda, ar\u0131tma tesislerinin mekanik ve i\u015fleyi\u015fsel a\u00e7\u0131dan yerinde denetimi.<\/li><li><strong>Numune Al\u0131m\u0131<\/strong>: Ar\u0131tma tesisinden gerekli numunelerin al\u0131nmas\u0131.<\/li><li><strong>Laboratuvar Analizleri<\/strong>: Ar\u0131tma tesisinden al\u0131nan numunelerin yetkili laboratuvarlarda analiz edilmesi.<\/li><li><strong>Raporlama<\/strong>: Yap\u0131lan analiz sonu\u00e7lar\u0131 ve kontrollerin detayl\u0131 raporlarla firmalara sunulmas\u0131.<\/li><li><strong>\u00c7evresel Uyum<\/strong>: Ar\u0131tma tesislerinin, DESK\u0130 ve Su Kirlili\u011fi Kontrol\u00fc Y\u00f6netmeli\u011fi\u2019ne (SKKY) uygun \u015fekilde limitlerin alt\u0131nda kalmas\u0131n\u0131 sa\u011flamak.<\/li><\/ul>\n\n\n\n<p>Ayr\u0131ca, <strong>Enars End\u00fcstriyel Ar\u0131tma Sistemleri<\/strong>, in\u015fa ve i\u015fletmesini \u00fcstlendi\u011fi ar\u0131tma tesislerinin yan\u0131 s\u0131ra, anla\u015fma sa\u011flanmas\u0131 durumunda, mevcut ar\u0131tma tesislerinin dan\u0131\u015fmanl\u0131k hizmetini de sunmaktad\u0131r.<\/p>\n","protected":false},"excerpt":{"rendered":"<p>Ar\u0131tma Tesisi Dan\u0131\u015fmanl\u0131k Hizmetleri &nbsp;&nbsp;&nbsp;&nbsp;&nbsp;&nbsp;&nbsp;&nbsp;&nbsp;&nbsp;&nbsp; Enars End\u00fcstriyel Ar\u0131tma Sistemleri, 2005 y\u0131l\u0131ndan itibaren at\u0131ksu ar\u0131tma tesisleri alan\u0131nda dan\u0131\u015fmanl\u0131k hizmeti sunmaktad\u0131r. Bilimsel, mant\u0131ksal ve yenilik\u00e7i bir yakla\u015f\u0131m benimseyerek, firmalar\u0131n ar\u0131tma s\u00fcre\u00e7lerini en verimli \u015fekilde y\u00f6netmelerine yard\u0131mc\u0131 olmaktad\u0131r. Hizmetlerimiz aras\u0131nda \u015funlar yer almaktad\u0131r: &hellip; <a href=\"https:\/\/www.enars.com.tr\/?page_id=1516\">Devam\u0131<\/a><\/p>\n","protected":false},"author":1,"featured_media":0,"parent":0,"menu_order":0,"comment_status":"closed","ping_status":"closed","template":"","meta":{"kt_blocks_editor_width":""},"_links":{"self":[{"href":"https:\/\/www.enars.com.tr\/index.php?rest_route=\/wp\/v2\/pages\/1516"}],"collection":[{"href":"https:\/\/www.enars.com.tr\/index.php?rest_route=\/wp\/v2\/pages"}],"about":[{"href":"https:\/\/www.enars.com.tr\/index.php?rest_route=\/wp\/v2\/types\/page"}],"author":[{"embeddable":true,"href":"https:\/\/www.enars.com.tr\/index.php?rest_route=\/wp\/v2\/users\/1"}],"replies":[{"embeddable":true,"href":"https:\/\/www.enars.com.tr\/index.php?rest_route=%2Fwp%2Fv2%2Fcomments&post=1516"}],"version-history":[{"count":4,"href":"https:\/\/www.enars.com.tr\/index.php?rest_route=\/wp\/v2\/pages\/1516\/revisions"}],"predecessor-version":[{"id":2202,"href":"https:\/\/www.enars.com.tr\/index.php?rest_route=\/wp\/v2\/pages\/1516\/revisions\/2202"}],"wp:attachment":[{"href":"https:\/\/www.enars.com.tr\/index.php?rest_route=%2Fwp%2Fv2%2Fmedia&parent=1516"}],"curies":[{"name":"wp","href":"https:\/\/api.w.org\/{rel}","templated":true}]}}