{"id":1513,"date":"2021-04-12T12:29:21","date_gmt":"2021-04-12T12:29:21","guid":{"rendered":"http:\/\/www.enars.com.tr\/?page_id=1513"},"modified":"2025-04-16T11:41:10","modified_gmt":"2025-04-16T11:41:10","slug":"fizibilite-raporu","status":"publish","type":"page","link":"https:\/\/www.enars.com.tr\/?page_id=1513","title":{"rendered":"Sera Emisyon Gaz\u0131 Hesab\u0131"},"content":{"rendered":"\n<p><\/p>\n\n\n\n<figure class=\"wp-block-image size-large\"><img loading=\"lazy\" width=\"1024\" height=\"576\" src=\"https:\/\/www.enars.com.tr\/wp-content\/uploads\/2025\/04\/sunrise-9456864_1280-1024x576.jpg\" alt=\"\" class=\"wp-image-2051\" srcset=\"https:\/\/www.enars.com.tr\/wp-content\/uploads\/2025\/04\/sunrise-9456864_1280-1024x576.jpg 1024w, https:\/\/www.enars.com.tr\/wp-content\/uploads\/2025\/04\/sunrise-9456864_1280-300x169.jpg 300w, https:\/\/www.enars.com.tr\/wp-content\/uploads\/2025\/04\/sunrise-9456864_1280-768x432.jpg 768w, https:\/\/www.enars.com.tr\/wp-content\/uploads\/2025\/04\/sunrise-9456864_1280-600x338.jpg 600w, https:\/\/www.enars.com.tr\/wp-content\/uploads\/2025\/04\/sunrise-9456864_1280.jpg 1280w\" sizes=\"(max-width: 1024px) 100vw, 1024px\" \/><\/figure>\n\n\n\n<p><strong>Sera Gaz\u0131 Emisyonlar\u0131n\u0131n Takibi Hakk\u0131nda Y\u00f6netmelik<\/strong><\/p>\n\n\n\n<p>&nbsp;&nbsp;&nbsp;&nbsp;&nbsp;&nbsp;&nbsp;&nbsp;&nbsp;&nbsp;&nbsp; T\u00fcrkiye&#8217;de sera gaz\u0131 emisyonlar\u0131n\u0131n izlenmesi, raporlanmas\u0131 ve do\u011frulanmas\u0131na y\u00f6nelik bir \u00e7er\u00e7eve sunan \u00f6nemli bir d\u00fczenlemedir. Bu y\u00f6netmelik, \u00fclke genelinde sera gaz\u0131 emisyonlar\u0131n\u0131n azalt\u0131lmas\u0131na y\u00f6nelik ad\u0131mlar at\u0131lmas\u0131n\u0131 sa\u011flamak amac\u0131yla uygulanmaktad\u0131r.<\/p>\n\n\n\n<p>&nbsp;&nbsp;&nbsp;&nbsp;&nbsp;&nbsp;&nbsp;&nbsp;&nbsp;&nbsp;&nbsp; Y\u00f6netmeli\u011fin temel amac\u0131, sera gaz\u0131 emisyonlar\u0131n\u0131n izlenmesi, raporlanmas\u0131 ve do\u011frulanmas\u0131 s\u00fcre\u00e7lerini d\u00fczenlemektir. \u0130\u015fte y\u00f6netmeli\u011fin ana hatlar\u0131yla \u00f6zetlenen baz\u0131 \u00f6nemli noktalar:<\/p>\n\n\n\n<p><strong>1. Y\u00f6netmeli\u011fin Amac\u0131 ve Kapsam\u0131<\/strong><\/p>\n\n\n\n<ul><li>Bu y\u00f6netmelik, T\u00fcrkiye&#8217;deki sera gaz\u0131 emisyonlar\u0131n\u0131n izlenmesi ve bu emisyonlar\u0131n do\u011frulu\u011funu garanti alt\u0131na almak i\u00e7in belirli standartlar ve y\u00f6ntemler olu\u015fturur.<\/li><li>Emisyon verilerinin do\u011fru ve g\u00fcvenilir bir \u015fekilde raporlanmas\u0131n\u0131 sa\u011flamak amac\u0131yla ilgili taraflar aras\u0131nda bir uyum olu\u015fturulmas\u0131n\u0131 hedefler.<\/li><\/ul>\n\n\n\n<p><strong>2. Emisyonlar\u0131n Do\u011frulanmas\u0131<\/strong><\/p>\n\n\n\n<ul><li>Emisyon verilerinin do\u011frulu\u011funu sa\u011flamak amac\u0131yla do\u011frulama s\u00fcreci \u00f6ng\u00f6r\u00fcl\u00fcr. Bu s\u00fcre\u00e7, ba\u011f\u0131ms\u0131z denet\u00e7iler taraf\u0131ndan y\u00fcr\u00fct\u00fcl\u00fcr.<\/li><\/ul>\n\n\n\n<p><strong>3. \u0130zleme ve Denetim<\/strong><\/p>\n\n\n\n<ul><li>\u0130zleme s\u00fcre\u00e7lerinin do\u011fru \u015fekilde y\u00fcr\u00fct\u00fclmesini sa\u011flamak i\u00e7in ilgili otoriteler denetimler yapabilir. Bu denetimler, belirli bir d\u00f6nemdeki emisyon raporlar\u0131n\u0131n do\u011fru olup olmad\u0131\u011f\u0131n\u0131 kontrol etmek i\u00e7in yap\u0131l\u0131r.<\/li><\/ul>\n\n\n\n<p><strong>4. \u0130hlaller ve Cezalar<\/strong><\/p>\n\n\n\n<ul><li>Y\u00f6netmelikte belirtilen kurallara uymayan i\u015fletmelere cezai yapt\u0131r\u0131mlar uygulanabilir. Bu yapt\u0131r\u0131mlar, emisyon raporlamas\u0131ndaki eksiklikler veya yanl\u0131\u015fl\u0131klar nedeniyle ortaya \u00e7\u0131kabilir.<\/li><\/ul>\n\n\n\n<p>&nbsp;&nbsp;&nbsp;&nbsp;&nbsp;&nbsp;&nbsp;&nbsp;&nbsp;&nbsp;&nbsp; Y\u00f6netmeli\u011fine g\u00f6re, i\u015fletmeler her y\u0131l 30 Nisan tarihine kadar bir \u00f6nceki y\u0131l\u0131n 1 Ocak \u2013 31 Aral\u0131k tarihleri aras\u0131nda izlenen sera gaz\u0131 emisyonlar\u0131n\u0131 Bakanl\u0131\u011fa raporlamak zorundad\u0131r. Bakanl\u0131k, gerekli g\u00f6rd\u00fc\u011f\u00fc durumlarda bu s\u00fcreyi en fazla bir aya kadar uzatabilir.<\/p>\n\n\n<style id=\"kb-spacer_6049ad-fc\">.wp-block-kadence-spacer.kt-block-spacer-_6049ad-fc .kt-block-spacer{height:10px;}.wp-block-kadence-spacer.kt-block-spacer-_6049ad-fc .kt-divider{border-top-color:#1e73be;width:100%;}<\/style>\n<div class=\"wp-block-kadence-spacer aligncenter kt-block-spacer-_6049ad-fc\"><div class=\"kt-block-spacer kt-block-spacer-halign-center\"><hr class=\"kt-divider\"\/><\/div><\/div>\n\n\n\n<p><\/p>\n\n\n\n<p class=\"has-text-align-center has-virtue-primary-color has-text-color\">Biz uzman kadromuz ile;<\/p>\n\n\n\n<p class=\"has-text-align-center has-virtue-primary-color has-text-color\">Veri Toplama ve Kaynak Belirleme,<\/p>\n\n\n\n<p class=\"has-text-align-center has-virtue-primary-color has-text-color\">Hesaplama ve Raporlama,<\/p>\n\n\n\n<p class=\"has-text-align-center has-virtue-primary-color has-text-color\">Strateji ve Planlama,<\/p>\n\n\n\n<p class=\"has-text-align-center has-virtue-primary-color has-text-color\">Uygulama ve \u0130zleme,<\/p>\n\n\n\n<p class=\"has-text-align-center has-virtue-primary-color has-text-color\">Geli\u015ftirilen stratejilerin uygulanmas\u0131,<\/p>\n\n\n\n<p class=\"has-text-align-center has-virtue-primary-color has-text-color\">S\u00fcre\u00e7lerin izlenmesi ve gerekti\u011finde ayarlamalar\u0131n yap\u0131lmas\u0131,<\/p>\n\n\n\n<p class=\"has-text-align-center has-virtue-primary-color has-text-color\">\u00c7al\u0131\u015fanlara ve y\u00f6neticilere sera gaz\u0131 emisyonlar\u0131 konusunda e\u011fitim programlar\u0131 d\u00fczenlenmesi,<\/p>\n\n\n\n<p class=\"has-text-align-center has-virtue-primary-color has-text-color\">&nbsp;S\u00fcre\u00e7lerinde hep yan\u0131n\u0131zda oluyoruz.<\/p>\n\n\n<style id=\"kb-spacer_5f31a5-a6\">.wp-block-kadence-spacer.kt-block-spacer-_5f31a5-a6 .kt-block-spacer{height:20px;}.wp-block-kadence-spacer.kt-block-spacer-_5f31a5-a6 .kt-divider{border-top-color:#1e73be;width:100%;}<\/style>\n<div class=\"wp-block-kadence-spacer aligncenter kt-block-spacer-_5f31a5-a6\"><div class=\"kt-block-spacer kt-block-spacer-halign-center\"><hr class=\"kt-divider\"\/><\/div><\/div>\n","protected":false},"excerpt":{"rendered":"<p>Sera Gaz\u0131 Emisyonlar\u0131n\u0131n Takibi Hakk\u0131nda Y\u00f6netmelik &nbsp;&nbsp;&nbsp;&nbsp;&nbsp;&nbsp;&nbsp;&nbsp;&nbsp;&nbsp;&nbsp; T\u00fcrkiye&#8217;de sera gaz\u0131 emisyonlar\u0131n\u0131n izlenmesi, raporlanmas\u0131 ve do\u011frulanmas\u0131na y\u00f6nelik bir \u00e7er\u00e7eve sunan \u00f6nemli bir d\u00fczenlemedir. Bu y\u00f6netmelik, \u00fclke genelinde sera gaz\u0131 emisyonlar\u0131n\u0131n azalt\u0131lmas\u0131na y\u00f6nelik ad\u0131mlar at\u0131lmas\u0131n\u0131 sa\u011flamak amac\u0131yla uygulanmaktad\u0131r. &nbsp;&nbsp;&nbsp;&nbsp;&nbsp;&nbsp;&nbsp;&nbsp;&nbsp;&nbsp;&nbsp; Y\u00f6netmeli\u011fin temel amac\u0131, &hellip; <a href=\"https:\/\/www.enars.com.tr\/?page_id=1513\">Devam\u0131<\/a><\/p>\n","protected":false},"author":1,"featured_media":0,"parent":0,"menu_order":0,"comment_status":"closed","ping_status":"closed","template":"","meta":{"kt_blocks_editor_width":""},"_links":{"self":[{"href":"https:\/\/www.enars.com.tr\/index.php?rest_route=\/wp\/v2\/pages\/1513"}],"collection":[{"href":"https:\/\/www.enars.com.tr\/index.php?rest_route=\/wp\/v2\/pages"}],"about":[{"href":"https:\/\/www.enars.com.tr\/index.php?rest_route=\/wp\/v2\/types\/page"}],"author":[{"embeddable":true,"href":"https:\/\/www.enars.com.tr\/index.php?rest_route=\/wp\/v2\/users\/1"}],"replies":[{"embeddable":true,"href":"https:\/\/www.enars.com.tr\/index.php?rest_route=%2Fwp%2Fv2%2Fcomments&post=1513"}],"version-history":[{"count":4,"href":"https:\/\/www.enars.com.tr\/index.php?rest_route=\/wp\/v2\/pages\/1513\/revisions"}],"predecessor-version":[{"id":2137,"href":"https:\/\/www.enars.com.tr\/index.php?rest_route=\/wp\/v2\/pages\/1513\/revisions\/2137"}],"wp:attachment":[{"href":"https:\/\/www.enars.com.tr\/index.php?rest_route=%2Fwp%2Fv2%2Fmedia&parent=1513"}],"curies":[{"name":"wp","href":"https:\/\/api.w.org\/{rel}","templated":true}]}}