{"id":1512,"date":"2021-04-12T12:29:21","date_gmt":"2021-04-12T12:29:21","guid":{"rendered":"http:\/\/www.enars.com.tr\/?page_id=1512"},"modified":"2025-04-16T11:35:04","modified_gmt":"2025-04-16T11:35:04","slug":"akustik-rapor","status":"publish","type":"page","link":"https:\/\/www.enars.com.tr\/?page_id=1512","title":{"rendered":"M\u00fc\u015fteri Denetlemeleri"},"content":{"rendered":"\n<figure class=\"wp-block-image size-large is-resized\"><img loading=\"lazy\" src=\"https:\/\/www.enars.com.tr\/wp-content\/uploads\/2025\/04\/shopping-venture-4516039_1280-1024x769.jpg\" alt=\"\" class=\"wp-image-2049\" width=\"552\" height=\"414\" srcset=\"https:\/\/www.enars.com.tr\/wp-content\/uploads\/2025\/04\/shopping-venture-4516039_1280-1024x769.jpg 1024w, https:\/\/www.enars.com.tr\/wp-content\/uploads\/2025\/04\/shopping-venture-4516039_1280-300x225.jpg 300w, https:\/\/www.enars.com.tr\/wp-content\/uploads\/2025\/04\/shopping-venture-4516039_1280-768x577.jpg 768w, https:\/\/www.enars.com.tr\/wp-content\/uploads\/2025\/04\/shopping-venture-4516039_1280-600x450.jpg 600w, https:\/\/www.enars.com.tr\/wp-content\/uploads\/2025\/04\/shopping-venture-4516039_1280.jpg 1280w\" sizes=\"(max-width: 552px) 100vw, 552px\" \/><\/figure>\n\n\n\n<p>&nbsp; M\u00fc\u015fteri denetlemelerinde \u00e7evre ile ilgili k\u0131s\u0131mlarda (\u00e7evresel hedefler, \u00e7evre politikas\u0131, at\u0131k y\u00f6netim prosed\u00fcr\u00fc v.b.)&nbsp; sizin yan\u0131n\u0131zda olup, gerekli evrak ve dok\u00fcmantasyonlarda uzman kadromuz ile yan\u0131n\u0131zda oluyoruz.<\/p>\n\n\n\n<p><\/p>\n","protected":false},"excerpt":{"rendered":"<p>&nbsp; M\u00fc\u015fteri denetlemelerinde \u00e7evre ile ilgili k\u0131s\u0131mlarda (\u00e7evresel hedefler, \u00e7evre politikas\u0131, at\u0131k y\u00f6netim prosed\u00fcr\u00fc v.b.)&nbsp; sizin yan\u0131n\u0131zda olup, gerekli evrak ve dok\u00fcmantasyonlarda uzman kadromuz ile yan\u0131n\u0131zda oluyoruz.<\/p>\n","protected":false},"author":1,"featured_media":0,"parent":0,"menu_order":0,"comment_status":"closed","ping_status":"closed","template":"","meta":{"kt_blocks_editor_width":""},"_links":{"self":[{"href":"https:\/\/www.enars.com.tr\/index.php?rest_route=\/wp\/v2\/pages\/1512"}],"collection":[{"href":"https:\/\/www.enars.com.tr\/index.php?rest_route=\/wp\/v2\/pages"}],"about":[{"href":"https:\/\/www.enars.com.tr\/index.php?rest_route=\/wp\/v2\/types\/page"}],"author":[{"embeddable":true,"href":"https:\/\/www.enars.com.tr\/index.php?rest_route=\/wp\/v2\/users\/1"}],"replies":[{"embeddable":true,"href":"https:\/\/www.enars.com.tr\/index.php?rest_route=%2Fwp%2Fv2%2Fcomments&post=1512"}],"version-history":[{"count":5,"href":"https:\/\/www.enars.com.tr\/index.php?rest_route=\/wp\/v2\/pages\/1512\/revisions"}],"predecessor-version":[{"id":2133,"href":"https:\/\/www.enars.com.tr\/index.php?rest_route=\/wp\/v2\/pages\/1512\/revisions\/2133"}],"wp:attachment":[{"href":"https:\/\/www.enars.com.tr\/index.php?rest_route=%2Fwp%2Fv2%2Fmedia&parent=1512"}],"curies":[{"name":"wp","href":"https:\/\/api.w.org\/{rel}","templated":true}]}}