{"id":1511,"date":"2021-04-12T12:29:21","date_gmt":"2021-04-12T12:29:21","guid":{"rendered":"http:\/\/www.enars.com.tr\/?page_id=1511"},"modified":"2025-04-05T07:11:28","modified_gmt":"2025-04-05T07:11:28","slug":"altyapi","status":"publish","type":"page","link":"https:\/\/www.enars.com.tr\/?page_id=1511","title":{"rendered":"Karbon Ayak \u0130zi Hesab\u0131"},"content":{"rendered":"\n<figure class=\"wp-block-image size-large\"><img loading=\"lazy\" width=\"1024\" height=\"538\" src=\"https:\/\/www.enars.com.tr\/wp-content\/uploads\/2025\/04\/co2-3139225_1280-1024x538.jpg\" alt=\"\" class=\"wp-image-2045\" srcset=\"https:\/\/www.enars.com.tr\/wp-content\/uploads\/2025\/04\/co2-3139225_1280-1024x538.jpg 1024w, https:\/\/www.enars.com.tr\/wp-content\/uploads\/2025\/04\/co2-3139225_1280-300x158.jpg 300w, https:\/\/www.enars.com.tr\/wp-content\/uploads\/2025\/04\/co2-3139225_1280-768x403.jpg 768w, https:\/\/www.enars.com.tr\/wp-content\/uploads\/2025\/04\/co2-3139225_1280-600x315.jpg 600w, https:\/\/www.enars.com.tr\/wp-content\/uploads\/2025\/04\/co2-3139225_1280.jpg 1280w\" sizes=\"(max-width: 1024px) 100vw, 1024px\" \/><\/figure>\n\n\n\n<p>Karbon ayak izi, bir birey, organizasyon veya \u00fcr\u00fcn\u00fcn \u00fcretim ve faaliyetleri s\u0131ras\u0131nda atmosfere sald\u0131\u011f\u0131 sera gaz\u0131 emisyonlar\u0131n\u0131n toplam\u0131n\u0131 g\u00f6sterir. Bu, k\u00fcresel \u0131s\u0131nmay\u0131 ve iklim de\u011fi\u015fikli\u011fini \u00f6nlemek i\u00e7in \u00f6nemli bir g\u00f6sterge. \u00c7\u00fcnk\u00fc y\u00fcksek karbon ayak izi, daha fazla sera gaz\u0131 sal\u0131n\u0131m\u0131 anlam\u0131na gelir ve bu da iklim de\u011fi\u015fikli\u011fine yol a\u00e7ar.<\/p>\n\n\n\n<p>&nbsp;&nbsp;&nbsp;&nbsp;&nbsp;&nbsp;&nbsp;&nbsp;&nbsp;&nbsp;&nbsp; Karbon ayak izi hesaplan\u0131rken, kullan\u0131lan enerji t\u00fcrleri (elektrik, yak\u0131t vb.), ula\u015f\u0131m, t\u00fcketilen g\u0131da ve \u00fcr\u00fcnler gibi fakt\u00f6rlerin her birinin \u00e7evresel etkisi g\u00f6z \u00f6n\u00fcnde bulundurulur. Bu veriler, sera gaz\u0131 emisyonlar\u0131n\u0131 (CO\u2082, metan, vb.) ton cinsinden \u00f6l\u00e7en hesaplama ara\u00e7lar\u0131yla hesaplan\u0131r.<\/p>\n\n\n\n<p><br>&nbsp;&nbsp;&nbsp;&nbsp;&nbsp;&nbsp;&nbsp;&nbsp;&nbsp;&nbsp;&nbsp; Karbon ayak izinin hesaplanmas\u0131, \u00e7evresel etkilerin \u00f6l\u00e7\u00fclmesine ve daha s\u00fcrd\u00fcr\u00fclebilir bir ya\u015fam tarz\u0131na ge\u00e7i\u015fin planlanmas\u0131na yard\u0131mc\u0131 olur. Ayr\u0131ca, bireylerin, \u015firketlerin veya devletlerin iklim hedeflerine ula\u015fabilmesi i\u00e7in ne kadar emisyon sald\u0131klar\u0131n\u0131 g\u00f6rmek \u00f6nemlidir.<\/p>\n\n\n\n<ul><li><strong>\u0130klim de\u011fi\u015fikli\u011fiyle m\u00fccadele<\/strong>: Karbon ayak izini azaltmak, k\u00fcresel \u0131s\u0131nmay\u0131 yava\u015flatmaya yard\u0131mc\u0131 olur.<\/li><li><strong>S\u00fcrd\u00fcr\u00fclebilirlik<\/strong>: Kaynaklar\u0131 daha verimli kullanarak \u00e7evresel etkiler azalt\u0131labilir.<\/li><li><strong>Ekonomik tasarruflar<\/strong>: Enerji verimlili\u011fi sa\u011flamak, maliyetleri d\u00fc\u015f\u00fcrebilir.<\/li><li><strong>\u0130maj ve sorumluluk<\/strong>: \u00c7evreye duyarl\u0131 olmak, bireylerin ve \u015firketlerin sosyal sorumluluklar\u0131n\u0131 yerine getirmelerini sa\u011flar.<\/li><\/ul>\n","protected":false},"excerpt":{"rendered":"<p>Karbon ayak izi, bir birey, organizasyon veya \u00fcr\u00fcn\u00fcn \u00fcretim ve faaliyetleri s\u0131ras\u0131nda atmosfere sald\u0131\u011f\u0131 sera gaz\u0131 emisyonlar\u0131n\u0131n toplam\u0131n\u0131 g\u00f6sterir. Bu, k\u00fcresel \u0131s\u0131nmay\u0131 ve iklim de\u011fi\u015fikli\u011fini \u00f6nlemek i\u00e7in \u00f6nemli bir g\u00f6sterge. \u00c7\u00fcnk\u00fc y\u00fcksek karbon ayak izi, daha fazla sera gaz\u0131 sal\u0131n\u0131m\u0131 &hellip; <a href=\"https:\/\/www.enars.com.tr\/?page_id=1511\">Devam\u0131<\/a><\/p>\n","protected":false},"author":1,"featured_media":0,"parent":0,"menu_order":0,"comment_status":"closed","ping_status":"closed","template":"","meta":{"kt_blocks_editor_width":""},"_links":{"self":[{"href":"https:\/\/www.enars.com.tr\/index.php?rest_route=\/wp\/v2\/pages\/1511"}],"collection":[{"href":"https:\/\/www.enars.com.tr\/index.php?rest_route=\/wp\/v2\/pages"}],"about":[{"href":"https:\/\/www.enars.com.tr\/index.php?rest_route=\/wp\/v2\/types\/page"}],"author":[{"embeddable":true,"href":"https:\/\/www.enars.com.tr\/index.php?rest_route=\/wp\/v2\/users\/1"}],"replies":[{"embeddable":true,"href":"https:\/\/www.enars.com.tr\/index.php?rest_route=%2Fwp%2Fv2%2Fcomments&post=1511"}],"version-history":[{"count":3,"href":"https:\/\/www.enars.com.tr\/index.php?rest_route=\/wp\/v2\/pages\/1511\/revisions"}],"predecessor-version":[{"id":2048,"href":"https:\/\/www.enars.com.tr\/index.php?rest_route=\/wp\/v2\/pages\/1511\/revisions\/2048"}],"wp:attachment":[{"href":"https:\/\/www.enars.com.tr\/index.php?rest_route=%2Fwp%2Fv2%2Fmedia&parent=1511"}],"curies":[{"name":"wp","href":"https:\/\/api.w.org\/{rel}","templated":true}]}}