{"id":1497,"date":"2021-02-09T22:57:06","date_gmt":"2021-02-09T22:57:06","guid":{"rendered":"http:\/\/www.enars.com.tr\/?page_id=1497"},"modified":"2025-04-05T07:01:08","modified_gmt":"2025-04-05T07:01:08","slug":"belgelerimiz","status":"publish","type":"page","link":"https:\/\/www.enars.com.tr\/?page_id=1497","title":{"rendered":"Belgelerimiz"},"content":{"rendered":"\n<figure class=\"wp-block-image size-full\"><img loading=\"lazy\" width=\"605\" height=\"423\" src=\"https:\/\/www.enars.com.tr\/wp-content\/uploads\/2025\/04\/Resim1.png\" alt=\"\" class=\"wp-image-2037\" srcset=\"https:\/\/www.enars.com.tr\/wp-content\/uploads\/2025\/04\/Resim1.png 605w, https:\/\/www.enars.com.tr\/wp-content\/uploads\/2025\/04\/Resim1-300x210.png 300w, https:\/\/www.enars.com.tr\/wp-content\/uploads\/2025\/04\/Resim1-600x420.png 600w\" sizes=\"(max-width: 605px) 100vw, 605px\" \/><\/figure>\n\n\n\n<figure class=\"wp-block-image size-full\"><img loading=\"lazy\" width=\"605\" height=\"424\" src=\"https:\/\/www.enars.com.tr\/wp-content\/uploads\/2025\/04\/Resim2.png\" alt=\"\" class=\"wp-image-2038\" srcset=\"https:\/\/www.enars.com.tr\/wp-content\/uploads\/2025\/04\/Resim2.png 605w, https:\/\/www.enars.com.tr\/wp-content\/uploads\/2025\/04\/Resim2-300x210.png 300w, https:\/\/www.enars.com.tr\/wp-content\/uploads\/2025\/04\/Resim2-600x420.png 600w\" sizes=\"(max-width: 605px) 100vw, 605px\" \/><\/figure>\n\n\n\n<p>\u00c7evre Ve \u015eehircilik Bakanl\u0131\u011f\u0131 taraf\u0131ndan 20.11.2018 tarih ve 213601 say\u0131l\u0131 At\u0131ksu Ar\u0131tma\/Derin Deniz De\u015farj\u0131 Tesisi Proje Onay\u0131 y\u00f6netmeli\u011fi h\u00fck\u00fcmlerine uyum sa\u011flayarak ar\u0131tma tesislerini, y\u00f6netmeliklere uygun hale getirmekteyiz.<\/p>\n","protected":false},"excerpt":{"rendered":"<p>\u00c7evre Ve \u015eehircilik Bakanl\u0131\u011f\u0131 taraf\u0131ndan 20.11.2018 tarih ve 213601 say\u0131l\u0131 At\u0131ksu Ar\u0131tma\/Derin Deniz De\u015farj\u0131 Tesisi Proje Onay\u0131 y\u00f6netmeli\u011fi h\u00fck\u00fcmlerine uyum sa\u011flayarak ar\u0131tma tesislerini, y\u00f6netmeliklere uygun hale getirmekteyiz.<\/p>\n","protected":false},"author":1,"featured_media":0,"parent":0,"menu_order":0,"comment_status":"closed","ping_status":"closed","template":"","meta":{"kt_blocks_editor_width":""},"_links":{"self":[{"href":"https:\/\/www.enars.com.tr\/index.php?rest_route=\/wp\/v2\/pages\/1497"}],"collection":[{"href":"https:\/\/www.enars.com.tr\/index.php?rest_route=\/wp\/v2\/pages"}],"about":[{"href":"https:\/\/www.enars.com.tr\/index.php?rest_route=\/wp\/v2\/types\/page"}],"author":[{"embeddable":true,"href":"https:\/\/www.enars.com.tr\/index.php?rest_route=\/wp\/v2\/users\/1"}],"replies":[{"embeddable":true,"href":"https:\/\/www.enars.com.tr\/index.php?rest_route=%2Fwp%2Fv2%2Fcomments&post=1497"}],"version-history":[{"count":2,"href":"https:\/\/www.enars.com.tr\/index.php?rest_route=\/wp\/v2\/pages\/1497\/revisions"}],"predecessor-version":[{"id":2039,"href":"https:\/\/www.enars.com.tr\/index.php?rest_route=\/wp\/v2\/pages\/1497\/revisions\/2039"}],"wp:attachment":[{"href":"https:\/\/www.enars.com.tr\/index.php?rest_route=%2Fwp%2Fv2%2Fmedia&parent=1497"}],"curies":[{"name":"wp","href":"https:\/\/api.w.org\/{rel}","templated":true}]}}